{"id":1119,"date":"2025-07-31T15:41:51","date_gmt":"2025-07-31T15:41:51","guid":{"rendered":"https:\/\/www.amcc.fr\/?page_id=1119"},"modified":"2025-07-31T15:47:16","modified_gmt":"2025-07-31T15:47:16","slug":"mentions-legales","status":"publish","type":"page","link":"https:\/\/www.amcc.fr\/en\/mentions-legales\/","title":{"rendered":"Mentions l\u00e9gales"},"content":{"rendered":"<div data-elementor-type=\"wp-page\" data-elementor-id=\"1119\" class=\"elementor elementor-1119\" data-elementor-post-type=\"page\">\n\t\t\t\t<div class=\"elementor-element elementor-element-30142f9 e-flex e-con-boxed e-con e-parent\" data-id=\"30142f9\" data-element_type=\"container\" data-e-type=\"container\">\n\t\t\t\t\t<div class=\"e-con-inner\">\n\t\t<div class=\"elementor-element elementor-element-e984ca2 e-con-full e-flex e-con e-child\" data-id=\"e984ca2\" data-element_type=\"container\" data-e-type=\"container\">\n\t\t\t\t<div class=\"elementor-element elementor-element-d2e4739 elementor-widget elementor-widget-heading\" data-id=\"d2e4739\" data-element_type=\"widget\" data-e-type=\"widget\" data-widget_type=\"heading.default\">\n\t\t\t\t\t<h1 class=\"elementor-heading-title elementor-size-default\">Mentions l\u00e9gales<\/h1>\t\t\t\t<\/div>\n\t\t\t\t<div class=\"elementor-element elementor-element-cfddbf3 elementor-widget elementor-widget-heading\" data-id=\"cfddbf3\" data-element_type=\"widget\" data-e-type=\"widget\" data-widget_type=\"heading.default\">\n\t\t\t\t\t<h2 class=\"elementor-heading-title elementor-size-default\">Editeur du site<\/h2>\t\t\t\t<\/div>\n\t\t\t\t<div class=\"elementor-element elementor-element-6139cd3 elementor-widget elementor-widget-text-editor\" data-id=\"6139cd3\" data-element_type=\"widget\" data-e-type=\"widget\" data-widget_type=\"text-editor.default\">\n\t\t\t\t\t\t\t\t\t<p>Cf page \u00ab\u00a0Contact\u00a0\u00bb\u00a0du pr\u00e9sent site Internet<\/p>\t\t\t\t\t\t\t\t<\/div>\n\t\t\t\t<div class=\"elementor-element elementor-element-f70c7b2 elementor-widget elementor-widget-heading\" data-id=\"f70c7b2\" data-element_type=\"widget\" data-e-type=\"widget\" data-widget_type=\"heading.default\">\n\t\t\t\t\t<h2 class=\"elementor-heading-title elementor-size-default\">Propri\u00e9t\u00e9 intellectuelle<\/h2>\t\t\t\t<\/div>\n\t\t\t\t<div class=\"elementor-element elementor-element-5bbe56c elementor-widget elementor-widget-text-editor\" data-id=\"5bbe56c\" data-element_type=\"widget\" data-e-type=\"widget\" data-widget_type=\"text-editor.default\">\n\t\t\t\t\t\t\t\t\t<p>L\u2019ensemble de ce site rel\u00e8ve des l\u00e9gislations Fran\u00e7aises et Internationales sur les droits d\u2019auteur et la propri\u00e9t\u00e9 intellectuelle. Tous les droits de reproduction sont r\u00e9serv\u00e9s pour les textes, images, photographies, sons, logiciels et \u00e9l\u00e9ments graphiques. La reproduction de tout ou partie de ce site quel qu\u2019il soit, est formellement interdite sauf autorisation \u00e9crite de l\u2019auteur ou cr\u00e9ateur, conform\u00e9ment \u00e0 l\u2019article L 122-4 du Code de la Propri\u00e9t\u00e9 intellectuelle.<\/p>\t\t\t\t\t\t\t\t<\/div>\n\t\t\t\t<div class=\"elementor-element elementor-element-290a0df elementor-widget elementor-widget-heading\" data-id=\"290a0df\" data-element_type=\"widget\" data-e-type=\"widget\" data-widget_type=\"heading.default\">\n\t\t\t\t\t<h2 class=\"elementor-heading-title elementor-size-default\">Cr\u00e9dits<\/h2>\t\t\t\t<\/div>\n\t\t\t\t<div class=\"elementor-element elementor-element-7eb5715 elementor-widget elementor-widget-text-editor\" data-id=\"7eb5715\" data-element_type=\"widget\" data-e-type=\"widget\" data-widget_type=\"text-editor.default\">\n\t\t\t\t\t\t\t\t\t<p>L\u2019ensemble de ce site rel\u00e8ve des l\u00e9gislations Fran\u00e7aises et Internationales sur les droits d\u2019auteur et la propri\u00e9t\u00e9 intellectuelle. Tous les droits de reproduction sont r\u00e9serv\u00e9s pour les textes, images, photographies, sons, logiciels et \u00e9l\u00e9ments graphiques. La reproduction de tout ou partie de ce site quel qu\u2019il soit, est formellement interdite sauf autorisation \u00e9crite de l\u2019auteur ou cr\u00e9ateur, conform\u00e9ment \u00e0 l\u2019article L 122-4 du Code de la Propri\u00e9t\u00e9 intellectuelle.<\/p>\t\t\t\t\t\t\t\t<\/div>\n\t\t\t\t<div class=\"elementor-element elementor-element-81af931 elementor-widget elementor-widget-heading\" data-id=\"81af931\" data-element_type=\"widget\" data-e-type=\"widget\" data-widget_type=\"heading.default\">\n\t\t\t\t\t<h2 class=\"elementor-heading-title elementor-size-default\">Responsabilit\u00e9s<\/h2>\t\t\t\t<\/div>\n\t\t\t\t<div class=\"elementor-element elementor-element-f6eebe8 elementor-widget elementor-widget-text-editor\" data-id=\"f6eebe8\" data-element_type=\"widget\" data-e-type=\"widget\" data-widget_type=\"text-editor.default\">\n\t\t\t\t\t\t\t\t\t<p class=\"justif\">Le cr\u00e9ateur du pr\u00e9sent site Internet ainsi que ses partenaires ou fournisseurs ne pourront \u00eatre tenus responsables d\u2019intrusion, piratage, infection ou cons\u00e9quence d\u2019utilisation du pr\u00e9sent site Internet.<\/p>\t\t\t\t\t\t\t\t<\/div>\n\t\t\t\t<div class=\"elementor-element elementor-element-ece00b1 elementor-widget elementor-widget-heading\" data-id=\"ece00b1\" data-element_type=\"widget\" data-e-type=\"widget\" data-widget_type=\"heading.default\">\n\t\t\t\t\t<h2 class=\"elementor-heading-title elementor-size-default\">Informatique et libert\u00e9s<\/h2>\t\t\t\t<\/div>\n\t\t\t\t<div class=\"elementor-element elementor-element-1df8024 elementor-widget elementor-widget-text-editor\" data-id=\"1df8024\" data-element_type=\"widget\" data-e-type=\"widget\" data-widget_type=\"text-editor.default\">\n\t\t\t\t\t\t\t\t\t<p>Certains services du site n\u00e9cessitent pour l\u2019internaute de renseigner des donn\u00e9es personnelles par le biais de formulaires en ligne. Ces informations sont destin\u00e9es exclusivement \u00e0 la soci\u00e9t\u00e9 \u00e9ditrice du pr\u00e9sent site Internet qui pourra les utiliser pour faire parvenir \u00e0 l\u2019internaute ses offres commerciales.<\/p><p>\u00a0<\/p><p>L\u2019internaute peut s\u2019y opposer en\u00a0<a href=\"https:\/\/www.amcc.fr\/en\/contact\/\">contactant la soci\u00e9t\u00e9 \u00e9ditrice du site Internet ici<\/a>. Les internautes disposent d\u2019un droit d\u2019acc\u00e8s, de rectification et de suppression des donn\u00e9es les concernant.<\/p>\t\t\t\t\t\t\t\t<\/div>\n\t\t\t\t<div class=\"elementor-element elementor-element-bb8959a elementor-widget elementor-widget-heading\" data-id=\"bb8959a\" data-element_type=\"widget\" data-e-type=\"widget\" data-widget_type=\"heading.default\">\n\t\t\t\t\t<h2 class=\"elementor-heading-title elementor-size-default\">Collecte des donn\u00e9es<\/h2>\t\t\t\t<\/div>\n\t\t\t\t<div class=\"elementor-element elementor-element-676e44d elementor-widget elementor-widget-text-editor\" data-id=\"676e44d\" data-element_type=\"widget\" data-e-type=\"widget\" data-widget_type=\"text-editor.default\">\n\t\t\t\t\t\t\t\t\t<p>\u00ab\u00a0<em><a href=\"https:\/\/www.amcc.fr\/en\">https:\/\/www.amcc.fr<\/a><\/em>\u00a0\u00bb collecte des donn\u00e9es personnelles :<br \/>Quand vous nous contactez \u00e0 l\u2019aide d\u2019un de nos formulaires.<br \/>Quelles sont les donn\u00e9es collect\u00e9es et pourquoi ?<br \/>Vos donn\u00e9es de contact, telles qu\u2019indiqu\u00e9es dans les formulaires, font l\u2019objet d\u2018un traitement informatis\u00e9 \u00e0 des fins de communication.<\/p><p>\u00a0<\/p><p>Pour maintenir une protection \u00e9lev\u00e9e de vos donn\u00e9es issues des formulaires (nom, pr\u00e9nom, adresse email,\u2026) et en pr\u00e9server la confidentialit\u00e9, ces donn\u00e9es sont utilis\u00e9s pour un usage strictement interne, le temps d\u2019apporter une r\u00e9ponse \u00e0 votre demande.<\/p>\t\t\t\t\t\t\t\t<\/div>\n\t\t\t\t<div class=\"elementor-element elementor-element-c0b5e5d elementor-widget elementor-widget-heading\" data-id=\"c0b5e5d\" data-element_type=\"widget\" data-e-type=\"widget\" data-widget_type=\"heading.default\">\n\t\t\t\t\t<h2 class=\"elementor-heading-title elementor-size-default\">Comment voir ou supprimer mes donn\u00e9es ?<\/h2>\t\t\t\t<\/div>\n\t\t\t\t<div class=\"elementor-element elementor-element-61b5e3e elementor-widget elementor-widget-text-editor\" data-id=\"61b5e3e\" data-element_type=\"widget\" data-e-type=\"widget\" data-widget_type=\"text-editor.default\">\n\t\t\t\t\t\t\t\t\t<p>Vous devez nous contacter directement afin de voir les donn\u00e9es collect\u00e9es et\/ou nous faire une demande de suppression. Nous vous r\u00e9pondons dans un d\u00e9lai de 30 jours.<\/p>\t\t\t\t\t\t\t\t<\/div>\n\t\t\t\t<div class=\"elementor-element elementor-element-4563b09 elementor-widget elementor-widget-heading\" data-id=\"4563b09\" data-element_type=\"widget\" data-e-type=\"widget\" data-widget_type=\"heading.default\">\n\t\t\t\t\t<h2 class=\"elementor-heading-title elementor-size-default\">Contact et demande relatifs \u00e0 vos donn\u00e9es personnelles<\/h2>\t\t\t\t<\/div>\n\t\t\t\t<div class=\"elementor-element elementor-element-0858b7f elementor-widget elementor-widget-text-editor\" data-id=\"0858b7f\" data-element_type=\"widget\" data-e-type=\"widget\" data-widget_type=\"text-editor.default\">\n\t\t\t\t\t\t\t\t\t<p>AMCC<br \/>ZAC de Serres, 1 rue des Treilles<br \/>31410 Capens (France)<br \/>T\u00e9l : 33 (0)5 61 87 25 70<\/p>\t\t\t\t\t\t\t\t<\/div>\n\t\t\t\t<div class=\"elementor-element elementor-element-c96b4af elementor-widget elementor-widget-heading\" data-id=\"c96b4af\" data-element_type=\"widget\" data-e-type=\"widget\" data-widget_type=\"heading.default\">\n\t\t\t\t\t<h2 class=\"elementor-heading-title elementor-size-default\">Utilisations de cookies<\/h2>\t\t\t\t<\/div>\n\t\t\t\t<div class=\"elementor-element elementor-element-2e6b66e elementor-widget elementor-widget-text-editor\" data-id=\"2e6b66e\" data-element_type=\"widget\" data-e-type=\"widget\" data-widget_type=\"text-editor.default\">\n\t\t\t\t\t\t\t\t\t<p>Ce site n\u00e9cessite l\u2019utilisation de cookies (marqueur t\u00e9moin). Des informations non personnelles sont enregistr\u00e9es par ce syst\u00e8me, elles n\u2019ont aucune signification en dehors de leur utilisation sur le pr\u00e9sent site Internet. L\u2019internaute peut refuser ces cookies ou les supprimer. Nous vous conseillons de consulter l\u2019aide de votre navigateur pour conna\u00eetre la marche \u00e0 suivre.<\/p><p>Des mesures du nombre de visites, de pages vues ainsi que l\u2019activit\u00e9 des visiteurs sur le site et leur fr\u00e9quence de retour sont effectu\u00e9es sur le pr\u00e9sent site Internet.<\/p>\t\t\t\t\t\t\t\t<\/div>\n\t\t\t\t<div class=\"elementor-element elementor-element-e5c9b83 elementor-widget elementor-widget-heading\" data-id=\"e5c9b83\" data-element_type=\"widget\" data-e-type=\"widget\" data-widget_type=\"heading.default\">\n\t\t\t\t\t<h2 class=\"elementor-heading-title elementor-size-default\">Gestion des cookies<\/h2>\t\t\t\t<\/div>\n\t\t\t\t<div class=\"elementor-element elementor-element-0fe329c elementor-widget elementor-widget-text-editor\" data-id=\"0fe329c\" data-element_type=\"widget\" data-e-type=\"widget\" data-widget_type=\"text-editor.default\">\n\t\t\t\t\t\t\t\t\t<p>Nous utilisons des cookies persistants afin d\u2019am\u00e9liorer l\u2019exp\u00e9rience utilisateur. Ces cookies sont conserv\u00e9s sur votre ordinateur m\u00eame apr\u00e8s fermeture de votre navigateur et r\u00e9utilis\u00e9s lors de vos prochaines visites sur notre site.<\/p><p>\u00a0<\/p><p>Cookies de sessions pr\u00e9sents sur ce site :<\/p><ul><li>PHPSESSID : Cookie de session propre \u00e0 PHP<\/li><li>wordpress_* : Cookies de sessions utilis\u00e9s par WordPress<\/li><li>wp-settings* : Cookies de personnalisation de WordPressmediaplan, mediaplanBAK : Cookies<\/li><li>d\u2019acc\u00e8s aux serveurs informatiques OVH<\/li><\/ul><p>\u00a0<\/p><p>Vous avez la possibilit\u00e9 de d\u00e9sactiver les cookies en vous rendant dans les options de votre navigateur. Cliquez sur le lien correspondant \u00e0 votre navigateur pour d\u00e9couvrir comment faire :<\/p><ul><li><a href=\"https:\/\/support.google.com\/chrome\/answer\/95647?hl=fr\" target=\"_blank\" rel=\"noopener noreferrer\">Google Chrome<\/a><\/li><li><a href=\"https:\/\/support.mozilla.org\/fr\/kb\/activer-desactiver-cookies\" target=\"_blank\" rel=\"noopener noreferrer\">Mozilla Firefox<\/a><\/li><li><a href=\"https:\/\/support.apple.com\/kb\/PH17191?viewlocale=fr_FR&amp;locale=en_US\" target=\"_blank\" rel=\"noopener noreferrer\">Safari<\/a><\/li><li><a href=\"http:\/\/help.opera.com\/Windows\/10.20\/fr\/cookies.html\" target=\"_blank\" rel=\"noopener noreferrer\">Opera<\/a><\/li><li><a href=\"https:\/\/support.microsoft.com\/fr-fr\/help\/17442\/windows-internet-explorer-delete-manage-cookies#ie=ie-11\" target=\"_blank\" rel=\"noopener noreferrer\">Internet Explorer<\/a><\/li><\/ul>\t\t\t\t\t\t\t\t<\/div>\n\t\t\t\t<\/div>\n\t\t\t\t\t<\/div>\n\t\t\t\t<\/div>\n\t\t\t\t<\/div>","protected":false},"excerpt":{"rendered":"<p>Editeur du site Cf page \u00ab\u00a0Contact\u00a0\u00bb\u00a0du pr\u00e9sent site Internet Propri\u00e9t\u00e9 intellectuelle L\u2019ensemble de ce site rel\u00e8ve des l\u00e9gislations Fran\u00e7aises et Internationales sur les droits d\u2019auteur et la propri\u00e9t\u00e9 intellectuelle. Tous les droits de reproduction sont r\u00e9serv\u00e9s pour les textes, images, photographies, sons, logiciels et \u00e9l\u00e9ments graphiques. La reproduction de tout ou partie de ce site [&hellip;]<\/p>\n","protected":false},"author":1,"featured_media":0,"parent":0,"menu_order":0,"comment_status":"closed","ping_status":"closed","template":"elementor_header_footer","meta":{"footnotes":""},"class_list":["post-1119","page","type-page","status-publish","hentry"],"_links":{"self":[{"href":"https:\/\/www.amcc.fr\/en\/wp-json\/wp\/v2\/pages\/1119","targetHints":{"allow":["GET"]}}],"collection":[{"href":"https:\/\/www.amcc.fr\/en\/wp-json\/wp\/v2\/pages"}],"about":[{"href":"https:\/\/www.amcc.fr\/en\/wp-json\/wp\/v2\/types\/page"}],"author":[{"embeddable":true,"href":"https:\/\/www.amcc.fr\/en\/wp-json\/wp\/v2\/users\/1"}],"replies":[{"embeddable":true,"href":"https:\/\/www.amcc.fr\/en\/wp-json\/wp\/v2\/comments?post=1119"}],"version-history":[{"count":7,"href":"https:\/\/www.amcc.fr\/en\/wp-json\/wp\/v2\/pages\/1119\/revisions"}],"predecessor-version":[{"id":1128,"href":"https:\/\/www.amcc.fr\/en\/wp-json\/wp\/v2\/pages\/1119\/revisions\/1128"}],"wp:attachment":[{"href":"https:\/\/www.amcc.fr\/en\/wp-json\/wp\/v2\/media?parent=1119"}],"curies":[{"name":"wp","href":"https:\/\/api.w.org\/{rel}","templated":true}]}}