{"id":16,"date":"2025-07-21T12:28:03","date_gmt":"2025-07-21T12:28:03","guid":{"rendered":"https:\/\/www.amcc.fr\/?page_id=16"},"modified":"2025-07-28T13:48:38","modified_gmt":"2025-07-28T13:48:38","slug":"plateaux-standards","status":"publish","type":"page","link":"https:\/\/www.amcc.fr\/en\/plateaux-standards\/","title":{"rendered":"Plateaux standards"},"content":{"rendered":"\t\t<div data-elementor-type=\"wp-page\" data-elementor-id=\"16\" class=\"elementor elementor-16\" data-elementor-post-type=\"page\">\n\t\t\t\t<div class=\"elementor-element elementor-element-28d8896 e-flex e-con-boxed e-con e-parent\" data-id=\"28d8896\" data-element_type=\"container\" data-e-type=\"container\" data-settings=\"{&quot;background_background&quot;:&quot;classic&quot;}\">\n\t\t\t\t\t<div class=\"e-con-inner\">\n\t\t<div class=\"elementor-element elementor-element-fcdcbaa e-con-full e-flex e-con e-child\" data-id=\"fcdcbaa\" data-element_type=\"container\" data-e-type=\"container\">\n\t\t\t\t<div class=\"elementor-element elementor-element-ddedf56 elementor-widget elementor-widget-text-editor\" data-id=\"ddedf56\" data-element_type=\"widget\" data-e-type=\"widget\" data-widget_type=\"text-editor.default\">\n\t\t\t\t\t\t\t\t\t<p>Plateaux givrants<\/p>\t\t\t\t\t\t\t\t<\/div>\n\t\t\t\t<div class=\"elementor-element elementor-element-359839c elementor-widget__width-inherit elementor-widget-tablet__width-inherit elementor-widget-mobile__width-inherit advance-title elementor-invisible elementor-widget elementor-widget-heading\" data-id=\"359839c\" data-element_type=\"widget\" data-e-type=\"widget\" data-settings=\"{&quot;_animation&quot;:&quot;fadeIn&quot;}\" data-widget_type=\"heading.default\">\n\t\t\t\t\t<h1 class=\"elementor-heading-title elementor-size-default\">Plateaux standards<\/h1>\t\t\t\t<\/div>\n\t\t\t\t<\/div>\n\t\t\t\t\t<\/div>\n\t\t\t\t<\/div>\n\t\t<div class=\"elementor-element elementor-element-9dc1dd9 e-flex e-con-boxed e-con e-parent\" data-id=\"9dc1dd9\" data-element_type=\"container\" data-e-type=\"container\">\n\t\t\t\t\t<div class=\"e-con-inner\">\n\t\t<div class=\"elementor-element elementor-element-66013c2 e-con-full e-flex e-con e-child\" data-id=\"66013c2\" data-element_type=\"container\" data-e-type=\"container\" data-settings=\"{&quot;sticky&quot;:&quot;top&quot;,&quot;sticky_offset&quot;:100,&quot;sticky_parent&quot;:&quot;yes&quot;,&quot;sticky_on&quot;:[&quot;desktop&quot;],&quot;sticky_effects_offset&quot;:0,&quot;sticky_anchor_link_offset&quot;:0}\">\n\t\t\t\t<div class=\"elementor-element elementor-element-9fe2477 elementor-invisible elementor-widget elementor-widget-heading\" data-id=\"9fe2477\" data-element_type=\"widget\" data-e-type=\"widget\" data-settings=\"{&quot;_animation&quot;:&quot;fadeIn&quot;}\" data-widget_type=\"heading.default\">\n\t\t\t\t\t<h2 class=\"elementor-heading-title elementor-size-default\">Nos plateaux standards<\/h2>\t\t\t\t<\/div>\n\t\t\t\t<div class=\"elementor-element elementor-element-d66224d elementor-widget elementor-widget-text-editor\" data-id=\"d66224d\" data-element_type=\"widget\" data-e-type=\"widget\" data-widget_type=\"text-editor.default\">\n\t\t\t\t\t\t\t\t\tContactez AMCC pour <span class=\"bold\">discuter de votre projet et pour tout besoin sp\u00e9cifique<\/span>\t\t\t\t\t\t\t\t<\/div>\n\t\t\t\t<div class=\"elementor-element elementor-element-0cdc920 elementor-align-left elementor-widget elementor-widget-button\" data-id=\"0cdc920\" data-element_type=\"widget\" data-e-type=\"widget\" data-widget_type=\"button.default\">\n\t\t\t\t\t\t\t\t\t\t<a class=\"elementor-button elementor-button-link elementor-size-sm\" href=\"https:\/\/www.amcc.fr\/en\/contact\/\" id=\"btn-objectif\">\n\t\t\t\t\t\t<span class=\"elementor-button-content-wrapper\">\n\t\t\t\t\t\t\t\t\t<span class=\"elementor-button-text\">Contactez-nous<\/span>\n\t\t\t\t\t<\/span>\n\t\t\t\t\t<\/a>\n\t\t\t\t\t\t\t\t<\/div>\n\t\t\t\t<\/div>\n\t\t<div class=\"elementor-element elementor-element-3faf858 e-con-full e-flex e-con e-child\" data-id=\"3faf858\" data-element_type=\"container\" data-e-type=\"container\">\n\t\t\t\t<div class=\"elementor-element elementor-element-ef82f33 elementor-widget__width-inherit elementor-invisible elementor-widget elementor-widget-shortcode\" data-id=\"ef82f33\" data-element_type=\"widget\" data-e-type=\"widget\" data-settings=\"{&quot;_animation&quot;:&quot;fadeInUp&quot;}\" data-widget_type=\"shortcode.default\">\n\t\t\t\t\t\t\t<div class=\"elementor-shortcode\"><div class=\"amcc-plateaux-reveal-container\" data-columns=\"2\"><div class=\"amcc-plateau-item\">\n                <div class=\"amcc-plateau-image-container\">\n                    <div class=\"amcc-plateau-image\" style=\"background-image: url('https:\/\/www.amcc.fr\/wp-content\/uploads\/2025\/07\/GFR80_3-min-1024x768.jpg');\">\n                        <div class=\"amcc-plateau-hover-text\">\n                            <span>Savoir plus<\/span>\n                            <div class=\"amcc-arrow-right\"><\/div>\n                        <\/div>\n                        <div class=\"amcc-plateau-reveal\">\n                            <div class=\"amcc-plateau-info-content\">\n                                <ul>\n<li>Surface utile : \u00d8 80 mm (dim. ext. 266x104x46)<\/li>\n<li>Tournage<\/li>\n<li>Plateau diviseur<\/li>\n<li>Plaque de cong\u00e9lation amovible. Ces plaques peuvent \u00eatre adapt\u00e9es \u00e0 diff\u00e9rentes fabrications, et devenir des outillages \u00e0 part enti\u00e8re.<\/li>\n<\/ul>\n\n                            <\/div>\n                        <\/div>\n                    <\/div>\n                <\/div>\n                <div class=\"amcc-plateau-footer\">\n                    <h3 class=\"amcc-plateau-title\">GFR-80<\/h3>\n                    <div class=\"amcc-plateau-links\"><\/div>\n                <\/div>\n            <\/div><div class=\"amcc-plateau-item\">\n                <div class=\"amcc-plateau-image-container\">\n                    <div class=\"amcc-plateau-image\" style=\"background-image: url('https:\/\/www.amcc.fr\/wp-content\/uploads\/2025\/07\/GFR-55-e1573050303907-min-1024x768.jpg');\">\n                        <div class=\"amcc-plateau-hover-text\">\n                            <span>Savoir plus<\/span>\n                            <div class=\"amcc-arrow-right\"><\/div>\n                        <\/div>\n                        <div class=\"amcc-plateau-reveal\">\n                            <div class=\"amcc-plateau-info-content\">\n                                <ul>\n<li>Surface utile : \u00d8 55 mm (dim. ext. 208x60x29)<\/li>\n<li>Tournage<\/li>\n<li>Plateau diviseur<\/li>\n<li>Plaque de cong\u00e9lation amovible. Ces plaques peuvent \u00eatre adapt\u00e9es \u00e0 diff\u00e9rentes fabrications, et devenir des outillages \u00e0 part enti\u00e8re<\/li>\n<\/ul>\n\n                            <\/div>\n                        <\/div>\n                    <\/div>\n                <\/div>\n                <div class=\"amcc-plateau-footer\">\n                    <h3 class=\"amcc-plateau-title\">GFR-55<\/h3>\n                    <div class=\"amcc-plateau-links\"><a href=\"\/wp-content\/uploads\/2025\/07\/Fiche-tech-GFR-55-F.pdf\" class=\"amcc-plateau-link fiche-technique\" target=\"_blank\" rel=\"noopener\">FICHE TECHNIQUE<\/a><\/div>\n                <\/div>\n            <\/div><div class=\"amcc-plateau-item\">\n                <div class=\"amcc-plateau-image-container\">\n                    <div class=\"amcc-plateau-image\" style=\"background-image: url('https:\/\/www.amcc.fr\/wp-content\/uploads\/2025\/07\/GF-250-M3-min.png');\">\n                        <div class=\"amcc-plateau-hover-text\">\n                            <span>Savoir plus<\/span>\n                            <div class=\"amcc-arrow-right\"><\/div>\n                        <\/div>\n                        <div class=\"amcc-plateau-reveal\">\n                            <div class=\"amcc-plateau-info-content\">\n                                <ul>\n<li>Surface utile 250x150mm (dim. ext. 318 x 150,5 x 69)<\/li>\n<li>Fraisage \u2013 Rectification \u2013 Diamantage<\/li>\n<li>Plaque de cong\u00e9lation fixe<\/li>\n<li>Cales acier pour le maintien sur plateau magn\u00e9tique (option)<\/li>\n<\/ul>\n\n                            <\/div>\n                        <\/div>\n                    <\/div>\n                <\/div>\n                <div class=\"amcc-plateau-footer\">\n                    <h3 class=\"amcc-plateau-title\">GF-250-M<\/h3>\n                    <div class=\"amcc-plateau-links\"><a href=\"\/wp-content\/uploads\/2025\/07\/Fiche-tech-GF-250-M-F.pdf\" class=\"amcc-plateau-link fiche-technique\" target=\"_blank\" rel=\"noopener\">FICHE TECHNIQUE<\/a><\/div>\n                <\/div>\n            <\/div><div class=\"amcc-plateau-item\">\n                <div class=\"amcc-plateau-image-container\">\n                    <div class=\"amcc-plateau-image\" style=\"background-image: url('https:\/\/www.amcc.fr\/wp-content\/uploads\/2025\/07\/GF-150-M-5-min-1024x714.png');\">\n                        <div class=\"amcc-plateau-hover-text\">\n                            <span>Savoir plus<\/span>\n                            <div class=\"amcc-arrow-right\"><\/div>\n                        <\/div>\n                        <div class=\"amcc-plateau-reveal\">\n                            <div class=\"amcc-plateau-info-content\">\n                                <ul>\n<li>Surface utile 152\u00d7102 mm (dim. ext. 256 x 102 x 65)<\/li>\n<li>Fraisage \u2013 Rectification - Diamantage<\/li>\n<li>Plaque de cong\u00e9lation amovible. Ces plaques peuvent \u00eatre adapt\u00e9es \u00e0 diff\u00e9rentes fabrications, et devenir des outillages \u00e0 part enti\u00e8re.<\/li>\n<li>Cales acier pour le maintien sur plateau magn\u00e9tique (option)<\/li>\n<\/ul>\n\n                            <\/div>\n                        <\/div>\n                    <\/div>\n                <\/div>\n                <div class=\"amcc-plateau-footer\">\n                    <h3 class=\"amcc-plateau-title\">GF-150-M<\/h3>\n                    <div class=\"amcc-plateau-links\"><a href=\"\/wp-content\/uploads\/2025\/07\/Fiche-tech-GF-150-M-F-.pdf\" class=\"amcc-plateau-link fiche-technique\" target=\"_blank\" rel=\"noopener\">FICHE TECHNIQUE<\/a><a href=\"https:\/\/www.youtube.com\/watch?v=EFue_Tb9T3Q\" class=\"amcc-plateau-link demonstration\" target=\"_blank\" rel=\"noopener\">D\u00c9MONSTRATION<\/a><\/div>\n                <\/div>\n            <\/div><div class=\"amcc-plateau-item\">\n                <div class=\"amcc-plateau-image-container\">\n                    <div class=\"amcc-plateau-image\" style=\"background-image: url('https:\/\/www.amcc.fr\/wp-content\/uploads\/2025\/07\/GF-50-3-min-1024x714.png');\">\n                        <div class=\"amcc-plateau-hover-text\">\n                            <span>Savoir plus<\/span>\n                            <div class=\"amcc-arrow-right\"><\/div>\n                        <\/div>\n                        <div class=\"amcc-plateau-reveal\">\n                            <div class=\"amcc-plateau-info-content\">\n                                <ul>\n<li>Surface utile 50x50mm (dim. ext. 135x76x50)<\/li>\n<li>Fraisage \u2013 Rectification \u2013 Diamantage<\/li>\n<li>Plaque de cong\u00e9lation amovible (fixation par le dessus). Ces plaques peuvent \u00eatre adapt\u00e9es \u00e0 diff\u00e9rentes fabrications, et devenir des outillages \u00e0 part enti\u00e8re<\/li>\n<li>Cales acier pour le maintien sur plateau magn\u00e9tique (option)<\/li>\n<\/ul>\n\n                            <\/div>\n                        <\/div>\n                    <\/div>\n                <\/div>\n                <div class=\"amcc-plateau-footer\">\n                    <h3 class=\"amcc-plateau-title\">GF-50<\/h3>\n                    <div class=\"amcc-plateau-links\"><a href=\"\/wp-content\/uploads\/2025\/07\/Fiche-technique-GF-50.pdf\" class=\"amcc-plateau-link fiche-technique\" target=\"_blank\" rel=\"noopener\">FICHE TECHNIQUE<\/a><a href=\"https:\/\/www.youtube.com\/watch?v=zJ_R-0trNQI\" class=\"amcc-plateau-link demonstration\" target=\"_blank\" rel=\"noopener\">D\u00c9MONSTRATION<\/a><\/div>\n                <\/div>\n            <\/div><\/div><\/div>\n\t\t\t\t\t\t<\/div>\n\t\t\t\t<\/div>\n\t\t\t\t\t<\/div>\n\t\t\t\t<\/div>\n\t\t\t\t<\/div>\n\t\t","protected":false},"excerpt":{"rendered":"<p>Plateaux givrants Plateaux standards Nos plateaux standards Contactez AMCC pour discuter de votre projet et pour tout besoin sp\u00e9cifique Contactez-nous<\/p>","protected":false},"author":1,"featured_media":0,"parent":0,"menu_order":0,"comment_status":"closed","ping_status":"closed","template":"elementor_header_footer","meta":{"footnotes":""},"class_list":["post-16","page","type-page","status-publish","hentry"],"_links":{"self":[{"href":"https:\/\/www.amcc.fr\/en\/wp-json\/wp\/v2\/pages\/16","targetHints":{"allow":["GET"]}}],"collection":[{"href":"https:\/\/www.amcc.fr\/en\/wp-json\/wp\/v2\/pages"}],"about":[{"href":"https:\/\/www.amcc.fr\/en\/wp-json\/wp\/v2\/types\/page"}],"author":[{"embeddable":true,"href":"https:\/\/www.amcc.fr\/en\/wp-json\/wp\/v2\/users\/1"}],"replies":[{"embeddable":true,"href":"https:\/\/www.amcc.fr\/en\/wp-json\/wp\/v2\/comments?post=16"}],"version-history":[{"count":35,"href":"https:\/\/www.amcc.fr\/en\/wp-json\/wp\/v2\/pages\/16\/revisions"}],"predecessor-version":[{"id":841,"href":"https:\/\/www.amcc.fr\/en\/wp-json\/wp\/v2\/pages\/16\/revisions\/841"}],"wp:attachment":[{"href":"https:\/\/www.amcc.fr\/en\/wp-json\/wp\/v2\/media?parent=16"}],"curies":[{"name":"wp","href":"https:\/\/api.w.org\/{rel}","templated":true}]}}