{"id":24,"date":"2025-07-21T12:28:53","date_gmt":"2025-07-21T12:28:53","guid":{"rendered":"https:\/\/www.amcc.fr\/?page_id=24"},"modified":"2025-10-16T10:12:07","modified_gmt":"2025-10-16T10:12:07","slug":"plateaux-specifiques","status":"publish","type":"page","link":"https:\/\/www.amcc.fr\/en\/plateaux-specifiques\/","title":{"rendered":"Plateaux givrants sp\u00e9cifiques"},"content":{"rendered":"\t\t<div data-elementor-type=\"wp-page\" data-elementor-id=\"24\" class=\"elementor elementor-24\" data-elementor-post-type=\"page\">\n\t\t\t\t<div class=\"elementor-element elementor-element-f002842 e-flex e-con-boxed e-con e-parent\" data-id=\"f002842\" data-element_type=\"container\" data-e-type=\"container\" data-settings=\"{&quot;background_background&quot;:&quot;classic&quot;}\">\n\t\t\t\t\t<div class=\"e-con-inner\">\n\t\t<div class=\"elementor-element elementor-element-fda408d e-con-full e-flex e-con e-child\" data-id=\"fda408d\" data-element_type=\"container\" data-e-type=\"container\">\n\t\t\t\t<div class=\"elementor-element elementor-element-24c8b85 elementor-widget elementor-widget-text-editor\" data-id=\"24c8b85\" data-element_type=\"widget\" data-e-type=\"widget\" data-widget_type=\"text-editor.default\">\n\t\t\t\t\t\t\t\t\t<p>Plateaux givrants<\/p>\t\t\t\t\t\t\t\t<\/div>\n\t\t\t\t<div class=\"elementor-element elementor-element-f0e6f65 elementor-widget__width-inherit elementor-widget-tablet__width-inherit elementor-widget-mobile__width-inherit advance-title elementor-invisible elementor-widget elementor-widget-heading\" data-id=\"f0e6f65\" data-element_type=\"widget\" data-e-type=\"widget\" data-settings=\"{&quot;_animation&quot;:&quot;fadeIn&quot;}\" data-widget_type=\"heading.default\">\n\t\t\t\t\t<h1 class=\"elementor-heading-title elementor-size-default\">Plateaux sp\u00e9cifiques<\/h1>\t\t\t\t<\/div>\n\t\t\t\t<\/div>\n\t\t\t\t\t<\/div>\n\t\t\t\t<\/div>\n\t\t<div class=\"elementor-element elementor-element-6425f4f e-flex e-con-boxed e-con e-parent\" data-id=\"6425f4f\" data-element_type=\"container\" data-e-type=\"container\">\n\t\t\t\t\t<div class=\"e-con-inner\">\n\t\t<div class=\"elementor-element elementor-element-0c3fec0 e-con-full e-flex e-con e-child\" data-id=\"0c3fec0\" data-element_type=\"container\" data-e-type=\"container\">\n\t\t\t\t<div class=\"elementor-element elementor-element-57ef7a7 elementor-widget elementor-widget-text-editor\" data-id=\"57ef7a7\" data-element_type=\"widget\" data-e-type=\"widget\" data-widget_type=\"text-editor.default\">\n\t\t\t\t\t\t\t\t\t<p>Adaptabilit\u00e9<\/p>\t\t\t\t\t\t\t\t<\/div>\n\t\t\t\t<div class=\"elementor-element elementor-element-a359abf elementor-invisible elementor-widget elementor-widget-heading\" data-id=\"a359abf\" data-element_type=\"widget\" data-e-type=\"widget\" data-settings=\"{&quot;_animation&quot;:&quot;fadeIn&quot;}\" data-widget_type=\"heading.default\">\n\t\t\t\t\t<h2 class=\"elementor-heading-title elementor-size-default\">La solution \u00e0 vos\nprobl\u00e9matiques<\/h2>\t\t\t\t<\/div>\n\t\t\t\t<\/div>\n\t\t<div class=\"elementor-element elementor-element-6208e72 e-con-full animated-slow e-flex elementor-invisible e-con e-child\" data-id=\"6208e72\" data-element_type=\"container\" data-e-type=\"container\" data-settings=\"{&quot;animation&quot;:&quot;fadeIn&quot;}\">\n\t\t\t\t<div class=\"elementor-element elementor-element-5c1a373 elementor-widget elementor-widget-heading\" data-id=\"5c1a373\" data-element_type=\"widget\" data-e-type=\"widget\" data-widget_type=\"heading.default\">\n\t\t\t\t\t<h3 class=\"elementor-heading-title elementor-size-default\">Nos plateaux sur mesure r\u00e9pondent \u00e0 vos diff\u00e9rentes probl\u00e9matiques :\n<\/h3>\t\t\t\t<\/div>\n\t\t<div class=\"elementor-element elementor-element-be232a9 e-con-full e-flex e-con e-child\" data-id=\"be232a9\" data-element_type=\"container\" data-e-type=\"container\">\n\t\t\t\t<div class=\"elementor-element elementor-element-3eb166d elementor-widget elementor-widget-text-editor\" data-id=\"3eb166d\" data-element_type=\"widget\" data-e-type=\"widget\" data-widget_type=\"text-editor.default\">\n\t\t\t\t\t\t\t\t\t<p>1<\/p>\t\t\t\t\t\t\t\t<\/div>\n\t\t\t\t<div class=\"elementor-element elementor-element-875e020 elementor-widget-mobile__width-initial elementor-widget elementor-widget-text-editor\" data-id=\"875e020\" data-element_type=\"widget\" data-e-type=\"widget\" data-widget_type=\"text-editor.default\">\n\t\t\t\t\t\t\t\t\t<p>Int\u00e9gration sur mesure sur des machines<\/p>\t\t\t\t\t\t\t\t<\/div>\n\t\t\t\t<\/div>\n\t\t\t\t<div class=\"elementor-element elementor-element-adf37fd elementor-widget-divider--view-line elementor-widget elementor-widget-divider\" data-id=\"adf37fd\" data-element_type=\"widget\" data-e-type=\"widget\" data-widget_type=\"divider.default\">\n\t\t\t\t\t\t\t<div class=\"elementor-divider\">\n\t\t\t<span class=\"elementor-divider-separator\">\n\t\t\t\t\t\t<\/span>\n\t\t<\/div>\n\t\t\t\t\t\t<\/div>\n\t\t<div class=\"elementor-element elementor-element-346814f e-con-full e-flex e-con e-child\" data-id=\"346814f\" data-element_type=\"container\" data-e-type=\"container\">\n\t\t\t\t<div class=\"elementor-element elementor-element-60fff0e elementor-widget elementor-widget-text-editor\" data-id=\"60fff0e\" data-element_type=\"widget\" data-e-type=\"widget\" data-widget_type=\"text-editor.default\">\n\t\t\t\t\t\t\t\t\t<p>2<\/p>\t\t\t\t\t\t\t\t<\/div>\n\t\t\t\t<div class=\"elementor-element elementor-element-02030ea elementor-widget-mobile__width-initial elementor-widget elementor-widget-text-editor\" data-id=\"02030ea\" data-element_type=\"widget\" data-e-type=\"widget\" data-widget_type=\"text-editor.default\">\n\t\t\t\t\t\t\t\t\t<p>Adaptation \u00e0 des formes de pi\u00e8ces complexes<\/p>\t\t\t\t\t\t\t\t<\/div>\n\t\t\t\t<\/div>\n\t\t\t\t<div class=\"elementor-element elementor-element-60ec5ba elementor-widget-divider--view-line elementor-widget elementor-widget-divider\" data-id=\"60ec5ba\" data-element_type=\"widget\" data-e-type=\"widget\" data-widget_type=\"divider.default\">\n\t\t\t\t\t\t\t<div class=\"elementor-divider\">\n\t\t\t<span class=\"elementor-divider-separator\">\n\t\t\t\t\t\t<\/span>\n\t\t<\/div>\n\t\t\t\t\t\t<\/div>\n\t\t<div class=\"elementor-element elementor-element-d4ab8fe e-con-full e-flex e-con e-child\" data-id=\"d4ab8fe\" data-element_type=\"container\" data-e-type=\"container\">\n\t\t\t\t<div class=\"elementor-element elementor-element-1331190 elementor-widget elementor-widget-text-editor\" data-id=\"1331190\" data-element_type=\"widget\" data-e-type=\"widget\" data-widget_type=\"text-editor.default\">\n\t\t\t\t\t\t\t\t\t<p>3<\/p>\t\t\t\t\t\t\t\t<\/div>\n\t\t\t\t<div class=\"elementor-element elementor-element-5176052 elementor-widget-mobile__width-initial elementor-widget elementor-widget-text-editor\" data-id=\"5176052\" data-element_type=\"widget\" data-e-type=\"widget\" data-widget_type=\"text-editor.default\">\n\t\t\t\t\t\t\t\t\t<p>Montage sur des syst\u00e8me de positionnement sp\u00e9cifiques<\/p>\t\t\t\t\t\t\t\t<\/div>\n\t\t\t\t<\/div>\n\t\t\t\t<\/div>\n\t\t\t\t\t<\/div>\n\t\t\t\t<\/div>\n\t\t<div class=\"elementor-element elementor-element-83e91c1 e-flex e-con-boxed e-con e-parent\" data-id=\"83e91c1\" data-element_type=\"container\" data-e-type=\"container\">\n\t\t\t\t\t<div class=\"e-con-inner\">\n\t\t<div class=\"elementor-element elementor-element-62ab206 e-con-full e-flex e-con e-child\" data-id=\"62ab206\" data-element_type=\"container\" data-e-type=\"container\" data-settings=\"{&quot;sticky&quot;:&quot;top&quot;,&quot;sticky_offset&quot;:100,&quot;sticky_parent&quot;:&quot;yes&quot;,&quot;sticky_on&quot;:[&quot;desktop&quot;],&quot;sticky_effects_offset&quot;:0,&quot;sticky_anchor_link_offset&quot;:0}\">\n\t\t\t\t<div class=\"elementor-element elementor-element-ebb0ac2 elementor-invisible elementor-widget elementor-widget-heading\" data-id=\"ebb0ac2\" data-element_type=\"widget\" data-e-type=\"widget\" data-settings=\"{&quot;_animation&quot;:&quot;fadeIn&quot;}\" data-widget_type=\"heading.default\">\n\t\t\t\t\t<h2 class=\"elementor-heading-title elementor-size-default\">Nos plateaux sp\u00e9cifiques<\/h2>\t\t\t\t<\/div>\n\t\t\t\t<div class=\"elementor-element elementor-element-adfc124 elementor-widget elementor-widget-text-editor\" data-id=\"adfc124\" data-element_type=\"widget\" data-e-type=\"widget\" data-widget_type=\"text-editor.default\">\n\t\t\t\t\t\t\t\t\tContactez AMCC pour <span class=\"bold\">discuter de votre projet et pour tout besoin sp\u00e9cifique<\/span>\t\t\t\t\t\t\t\t<\/div>\n\t\t\t\t<div class=\"elementor-element elementor-element-42313a0 elementor-align-left elementor-widget elementor-widget-button\" data-id=\"42313a0\" data-element_type=\"widget\" data-e-type=\"widget\" data-widget_type=\"button.default\">\n\t\t\t\t\t\t\t\t\t\t<a class=\"elementor-button elementor-button-link elementor-size-sm\" href=\"https:\/\/www.amcc.fr\/en\/contact\/\" id=\"btn-objectif\">\n\t\t\t\t\t\t<span class=\"elementor-button-content-wrapper\">\n\t\t\t\t\t\t\t\t\t<span class=\"elementor-button-text\">Contactez-nous<\/span>\n\t\t\t\t\t<\/span>\n\t\t\t\t\t<\/a>\n\t\t\t\t\t\t\t\t<\/div>\n\t\t\t\t<\/div>\n\t\t<div class=\"elementor-element elementor-element-9a9d68e e-con-full e-flex e-con e-child\" data-id=\"9a9d68e\" data-element_type=\"container\" data-e-type=\"container\">\n\t\t\t\t<div class=\"elementor-element elementor-element-5afd270 elementor-widget__width-inherit elementor-invisible elementor-widget elementor-widget-shortcode\" data-id=\"5afd270\" data-element_type=\"widget\" data-e-type=\"widget\" data-settings=\"{&quot;_animation&quot;:&quot;fadeInUp&quot;}\" data-widget_type=\"shortcode.default\">\n\t\t\t\t\t\t\t<div class=\"elementor-shortcode\"><div class=\"amcc-plateaux-simple-container\" data-columns=\"2\"><div class=\"amcc-plateau-simple-item\">\n                <div class=\"amcc-plateau-simple-image-container\">\n                    <div class=\"amcc-plateau-simple-image\" style=\"background-image: url('https:\/\/www.amcc.fr\/wp-content\/uploads\/2025\/07\/GFR-ebavurage-e.jpg');\">\n                    <\/div>\n                <\/div>\n                <div class=\"amcc-plateau-simple-footer\">\n                    <h3 class=\"amcc-plateau-simple-title\">GFR-Eb<\/h3>\n                <\/div>\n            <\/div><div class=\"amcc-plateau-simple-item\">\n                <div class=\"amcc-plateau-simple-image-container\">\n                    <div class=\"amcc-plateau-simple-image\" style=\"background-image: url('https:\/\/www.amcc.fr\/wp-content\/uploads\/2025\/07\/GFR-80-Tournage-1024x576.jpg');\">\n                    <\/div>\n                <\/div>\n                <div class=\"amcc-plateau-simple-footer\">\n                    <h3 class=\"amcc-plateau-simple-title\">GF-GF retournement pi\u00e8ce<\/h3>\n                <\/div>\n            <\/div><div class=\"amcc-plateau-simple-item\">\n                <div class=\"amcc-plateau-simple-image-container\">\n                    <div class=\"amcc-plateau-simple-image\" style=\"background-image: url('https:\/\/www.amcc.fr\/wp-content\/uploads\/2025\/07\/GFR-55-1024x921-1.jpg');\">\n                    <\/div>\n                <\/div>\n                <div class=\"amcc-plateau-simple-footer\">\n                    <h3 class=\"amcc-plateau-simple-title\">GFR-55 auto<\/h3>\n                <\/div>\n            <\/div><div class=\"amcc-plateau-simple-item\">\n                <div class=\"amcc-plateau-simple-image-container\">\n                    <div class=\"amcc-plateau-simple-image\" style=\"background-image: url('https:\/\/www.amcc.fr\/wp-content\/uploads\/2025\/07\/GFR-20-.jpg');\">\n                    <\/div>\n                <\/div>\n                <div class=\"amcc-plateau-simple-footer\">\n                    <h3 class=\"amcc-plateau-simple-title\">GF-100\u00d7100<\/h3>\n                <\/div>\n            <\/div><div class=\"amcc-plateau-simple-item\">\n                <div class=\"amcc-plateau-simple-image-container\">\n                    <div class=\"amcc-plateau-simple-image\" style=\"background-image: url('https:\/\/www.amcc.fr\/wp-content\/uploads\/2025\/07\/GFR-10-K-3-e.jpg');\">\n                    <\/div>\n                <\/div>\n                <div class=\"amcc-plateau-simple-footer\">\n                    <h3 class=\"amcc-plateau-simple-title\">GFR-10-K<\/h3>\n                <\/div>\n            <\/div><div class=\"amcc-plateau-simple-item\">\n                <div class=\"amcc-plateau-simple-image-container\">\n                    <div class=\"amcc-plateau-simple-image\" style=\"background-image: url('https:\/\/www.amcc.fr\/wp-content\/uploads\/2025\/07\/GF-GF-2-1024x707-1.jpg');\">\n                    <\/div>\n                <\/div>\n                <div class=\"amcc-plateau-simple-footer\">\n                    <h3 class=\"amcc-plateau-simple-title\">GF-GF retournement pi\u00e8ce<\/h3>\n                <\/div>\n            <\/div><div class=\"amcc-plateau-simple-item\">\n                <div class=\"amcc-plateau-simple-image-container\">\n                    <div class=\"amcc-plateau-simple-image\" style=\"background-image: url('https:\/\/www.amcc.fr\/wp-content\/uploads\/2025\/07\/GFF-auto-3-768x666-1.jpg');\">\n                    <\/div>\n                <\/div>\n                <div class=\"amcc-plateau-simple-footer\">\n                    <h3 class=\"amcc-plateau-simple-title\">GFF-Auto<\/h3>\n                <\/div>\n            <\/div><div class=\"amcc-plateau-simple-item\">\n                <div class=\"amcc-plateau-simple-image-container\">\n                    <div class=\"amcc-plateau-simple-image\" style=\"background-image: url('https:\/\/www.amcc.fr\/wp-content\/uploads\/2025\/07\/GF-100\u00d7100-1024x665.jpg');\">\n                    <\/div>\n                <\/div>\n                <div class=\"amcc-plateau-simple-footer\">\n                    <h3 class=\"amcc-plateau-simple-title\">GF-100\u00d7100<\/h3>\n                <\/div>\n            <\/div><div class=\"amcc-plateau-simple-item\">\n                <div class=\"amcc-plateau-simple-image-container\">\n                    <div class=\"amcc-plateau-simple-image\" style=\"background-image: url('https:\/\/www.amcc.fr\/wp-content\/uploads\/2025\/07\/GF-100x6-2-768x576-1.jpg');\">\n                    <\/div>\n                <\/div>\n                <div class=\"amcc-plateau-simple-footer\">\n                    <h3 class=\"amcc-plateau-simple-title\">GF-100\u00d76<\/h3>\n                <\/div>\n            <\/div><div class=\"amcc-plateau-simple-item\">\n                <div class=\"amcc-plateau-simple-image-container\">\n                    <div class=\"amcc-plateau-simple-image\" style=\"background-image: url('https:\/\/www.amcc.fr\/wp-content\/uploads\/2025\/07\/GF-60x602-1024x768-1.jpg');\">\n                    <\/div>\n                <\/div>\n                <div class=\"amcc-plateau-simple-footer\">\n                    <h3 class=\"amcc-plateau-simple-title\">GF-60\u00d760<\/h3>\n                <\/div>\n            <\/div><div class=\"amcc-plateau-simple-item\">\n                <div class=\"amcc-plateau-simple-image-container\">\n                    <div class=\"amcc-plateau-simple-image\" style=\"background-image: url('https:\/\/www.amcc.fr\/wp-content\/uploads\/2025\/07\/GF-50x50-auto-1024x768-1.jpg');\">\n                    <\/div>\n                <\/div>\n                <div class=\"amcc-plateau-simple-footer\">\n                    <h3 class=\"amcc-plateau-simple-title\">GF-50\u00d750 auto<\/h3>\n                <\/div>\n            <\/div><div class=\"amcc-plateau-simple-item\">\n                <div class=\"amcc-plateau-simple-image-container\">\n                    <div class=\"amcc-plateau-simple-image\" style=\"background-image: url('https:\/\/www.amcc.fr\/wp-content\/uploads\/2025\/07\/GF-25x25-1-768x728-1.jpg');\">\n                    <\/div>\n                <\/div>\n                <div class=\"amcc-plateau-simple-footer\">\n                    <h3 class=\"amcc-plateau-simple-title\">GF-25\u00d725<\/h3>\n                <\/div>\n            <\/div><div class=\"amcc-plateau-simple-item\">\n                <div class=\"amcc-plateau-simple-image-container\">\n                    <div class=\"amcc-plateau-simple-image\" style=\"background-image: url('https:\/\/www.amcc.fr\/wp-content\/uploads\/2025\/07\/GF-20-1-768x576-1.jpg');\">\n                    <\/div>\n                <\/div>\n                <div class=\"amcc-plateau-simple-footer\">\n                    <h3 class=\"amcc-plateau-simple-title\">GF-20\u00d73<\/h3>\n                <\/div>\n            <\/div><\/div><\/div>\n\t\t\t\t\t\t<\/div>\n\t\t\t\t<\/div>\n\t\t\t\t\t<\/div>\n\t\t\t\t<\/div>\n\t\t\t\t<\/div>\n\t\t","protected":false},"excerpt":{"rendered":"<p>Plateaux givrants Plateaux sp\u00e9cifiques Adaptabilit\u00e9 La solution \u00e0 vos probl\u00e9matiques Nos plateaux sur mesure r\u00e9pondent \u00e0 vos diff\u00e9rentes probl\u00e9matiques : 1 Int\u00e9gration sur mesure sur des machines 2 Adaptation \u00e0 des formes de pi\u00e8ces complexes 3 Montage sur des syst\u00e8me de positionnement sp\u00e9cifiques Nos plateaux sp\u00e9cifiques Contactez AMCC pour discuter de votre projet et pour [&hellip;]<\/p>\n","protected":false},"author":1,"featured_media":0,"parent":0,"menu_order":0,"comment_status":"closed","ping_status":"closed","template":"","meta":{"footnotes":""},"class_list":["post-24","page","type-page","status-publish","hentry"],"_links":{"self":[{"href":"https:\/\/www.amcc.fr\/en\/wp-json\/wp\/v2\/pages\/24","targetHints":{"allow":["GET"]}}],"collection":[{"href":"https:\/\/www.amcc.fr\/en\/wp-json\/wp\/v2\/pages"}],"about":[{"href":"https:\/\/www.amcc.fr\/en\/wp-json\/wp\/v2\/types\/page"}],"author":[{"embeddable":true,"href":"https:\/\/www.amcc.fr\/en\/wp-json\/wp\/v2\/users\/1"}],"replies":[{"embeddable":true,"href":"https:\/\/www.amcc.fr\/en\/wp-json\/wp\/v2\/comments?post=24"}],"version-history":[{"count":30,"href":"https:\/\/www.amcc.fr\/en\/wp-json\/wp\/v2\/pages\/24\/revisions"}],"predecessor-version":[{"id":1242,"href":"https:\/\/www.amcc.fr\/en\/wp-json\/wp\/v2\/pages\/24\/revisions\/1242"}],"wp:attachment":[{"href":"https:\/\/www.amcc.fr\/en\/wp-json\/wp\/v2\/media?parent=24"}],"curies":[{"name":"wp","href":"https:\/\/api.w.org\/{rel}","templated":true}]}}