{"id":28,"date":"2025-07-21T12:29:18","date_gmt":"2025-07-21T12:29:18","guid":{"rendered":"https:\/\/www.amcc.fr\/?page_id=28"},"modified":"2025-10-16T09:53:25","modified_gmt":"2025-10-16T09:53:25","slug":"conception-mecanique","status":"publish","type":"page","link":"https:\/\/www.amcc.fr\/en\/conception-mecanique\/","title":{"rendered":"Conception m\u00e9canique"},"content":{"rendered":"<div data-elementor-type=\"wp-page\" data-elementor-id=\"28\" class=\"elementor elementor-28\" data-elementor-post-type=\"page\">\n\t\t\t\t<div class=\"elementor-element elementor-element-6c49557 e-con-full e-flex e-con e-parent\" data-id=\"6c49557\" data-element_type=\"container\" data-e-type=\"container\" data-settings=\"{&quot;background_background&quot;:&quot;classic&quot;}\">\n\t\t<div class=\"elementor-element elementor-element-83c359b e-con-full e-flex e-con e-child\" data-id=\"83c359b\" data-element_type=\"container\" data-e-type=\"container\">\n\t\t\t\t<div class=\"elementor-element elementor-element-0cb9c46 elementor-widget__width-initial elementor-widget-tablet__width-inherit elementor-widget-mobile__width-inherit advance-title elementor-invisible elementor-widget elementor-widget-heading\" data-id=\"0cb9c46\" data-element_type=\"widget\" data-e-type=\"widget\" data-settings=\"{&quot;_animation&quot;:&quot;fadeIn&quot;}\" data-widget_type=\"heading.default\">\n\t\t\t\t\t<h1 class=\"elementor-heading-title elementor-size-default\">Conception m\u00e9canique<\/h1>\t\t\t\t<\/div>\n\t\t\t\t<div class=\"elementor-element elementor-element-cb5c9dc elementor-widget elementor-widget-text-editor\" data-id=\"cb5c9dc\" data-element_type=\"widget\" data-e-type=\"widget\" data-widget_type=\"text-editor.default\">\n\t\t\t\t\t\t\t\t\t<p>\u00c9tudes, mod\u00e9lisation, calculs<\/p>\t\t\t\t\t\t\t\t<\/div>\n\t\t\t\t<div class=\"elementor-element elementor-element-d9e825c elementor-widget elementor-widget-heading\" data-id=\"d9e825c\" data-element_type=\"widget\" data-e-type=\"widget\" data-widget_type=\"heading.default\">\n\t\t\t\t\t<h3 class=\"elementor-heading-title elementor-size-default\">Du besoin \u00e0 la solution technique<\/h3>\t\t\t\t<\/div>\n\t\t\t\t<div class=\"elementor-element elementor-element-9ec159a elementor-widget elementor-widget-text-editor\" data-id=\"9ec159a\" data-element_type=\"widget\" data-e-type=\"widget\" data-widget_type=\"text-editor.default\">\n\t\t\t\t\t\t\t\t\tLa conception m\u00e9canique est au c\u0153ur de notre m\u00e9tier. Gr\u00e2ce \u00e0 plus de 30 ans d\u2019exp\u00e9rience, nous transformons vos id\u00e9es et contraintes industrielles <span class=\"bold\">en syst\u00e8mes fiables, performants et pr\u00eats \u00e0 \u00eatre fabriqu\u00e9s.<\/span>\t\t\t\t\t\t\t\t<\/div>\n\t\t<div class=\"elementor-element elementor-element-e9d08ab e-con-full e-flex e-con e-child\" data-id=\"e9d08ab\" data-element_type=\"container\" data-e-type=\"container\">\n\t\t\t\t<div class=\"elementor-element elementor-element-11b9dd1 elementor-widget-mobile__width-initial elementor-widget elementor-widget-image\" data-id=\"11b9dd1\" data-element_type=\"widget\" data-e-type=\"widget\" data-widget_type=\"image.default\">\n\t\t\t\t\t\t\t\t\t\t\t\t\t\t\t<img decoding=\"async\" width=\"183\" height=\"93\" src=\"https:\/\/www.amcc.fr\/wp-content\/uploads\/2025\/07\/kc_logo_horiz_rgbBLANC.svg\" class=\"attachment-large size-large wp-image-571\" alt=\"\" \/>\t\t\t\t\t\t\t\t\t\t\t\t\t\t\t<\/div>\n\t\t\t\t<div class=\"elementor-element elementor-element-4fa1218 elementor-widget-mobile__width-initial elementor-widget elementor-widget-image\" data-id=\"4fa1218\" data-element_type=\"widget\" data-e-type=\"widget\" data-widget_type=\"image.default\">\n\t\t\t\t\t\t\t\t\t\t\t\t\t\t\t<img decoding=\"async\" width=\"106\" height=\"28\" src=\"https:\/\/www.amcc.fr\/wp-content\/uploads\/2025\/07\/CATIA_Logotype_CMYK_NewBlueSteelBLANC.svg\" class=\"attachment-large size-large wp-image-570\" alt=\"\" \/>\t\t\t\t\t\t\t\t\t\t\t\t\t\t\t<\/div>\n\t\t\t\t<div class=\"elementor-element elementor-element-ad137ee elementor-widget-mobile__width-initial elementor-widget elementor-widget-image\" data-id=\"ad137ee\" data-element_type=\"widget\" data-e-type=\"widget\" data-widget_type=\"image.default\">\n\t\t\t\t\t\t\t\t\t\t\t\t\t\t\t<img decoding=\"async\" width=\"118\" height=\"40\" src=\"https:\/\/www.amcc.fr\/wp-content\/uploads\/2025\/07\/PTC_Creo_logo.svgBLANC.svg\" class=\"attachment-large size-large wp-image-569\" alt=\"\" \/>\t\t\t\t\t\t\t\t\t\t\t\t\t\t\t<\/div>\n\t\t\t\t<\/div>\n\t\t\t\t<\/div>\n\t\t<div class=\"elementor-element elementor-element-f8e92a2 e-con-full e-flex e-con e-child\" data-id=\"f8e92a2\" data-element_type=\"container\" data-e-type=\"container\" data-settings=\"{&quot;background_background&quot;:&quot;classic&quot;}\">\n\t\t\t\t<\/div>\n\t\t\t\t<\/div>\n\t\t<div class=\"elementor-element elementor-element-62527da e-flex e-con-boxed e-con e-parent\" data-id=\"62527da\" data-element_type=\"container\" data-e-type=\"container\">\n\t\t\t\t\t<div class=\"e-con-inner\">\n\t\t<div class=\"elementor-element elementor-element-93cb310 e-con-full e-flex e-con e-child\" data-id=\"93cb310\" data-element_type=\"container\" data-e-type=\"container\">\n\t\t\t\t<div class=\"elementor-element elementor-element-ff91761 elementor-widget elementor-widget-text-editor\" data-id=\"ff91761\" data-element_type=\"widget\" data-e-type=\"widget\" data-widget_type=\"text-editor.default\">\n\t\t\t\t\t\t\t\t\t<p>\u00c9tudes, mod\u00e9lisation, calculs<\/p>\t\t\t\t\t\t\t\t<\/div>\n\t\t\t\t<div class=\"elementor-element elementor-element-68c0260 elementor-widget-mobile__width-inherit elementor-invisible elementor-widget elementor-widget-heading\" data-id=\"68c0260\" data-element_type=\"widget\" data-e-type=\"widget\" data-settings=\"{&quot;_animation&quot;:&quot;fadeIn&quot;}\" data-widget_type=\"heading.default\">\n\t\t\t\t\t<h2 class=\"elementor-heading-title elementor-size-default\">Nos engagements<\/h2>\t\t\t\t<\/div>\n\t\t\t\t<div class=\"elementor-element elementor-element-905fddb elementor-widget__width-inherit elementor-invisible elementor-widget elementor-widget-shortcode\" data-id=\"905fddb\" data-element_type=\"widget\" data-e-type=\"widget\" data-settings=\"{&quot;_animation&quot;:&quot;fadeInUp&quot;}\" data-widget_type=\"shortcode.default\">\n\t\t\t\t\t\t\t<div class=\"elementor-shortcode\"><div class=\"amcc-cards-container\">\n        <div class=\"amcc-card amcc-card-1\" style=\"background-image: url(https:\/\/www.amcc.fr\/wp-content\/uploads\/2025\/07\/approche.png);\">\n            <div class=\"amcc-card-overlay\"><\/div>\n            <div class=\"amcc-card-gradient\"><\/div>\n            <div class=\"amcc-card-content\">\n                <div class=\"amcc-card-icon\">\n                    <img decoding=\"async\" src=\"https:\/\/www.amcc.fr\/wp-content\/uploads\/2025\/07\/approche.svg\" alt=\"Ic\u00f4ne Une approche sur mesure\">\n                <\/div>\n                <p class=\"amcc-card-title\">Une approche sur mesure<\/p>\n                <div class=\"amcc-card-hover-content\">\n                    <p class=\"amcc-card-hover-title\">Une approche sur mesure<\/p>\n                    <p class=\"amcc-card-text\">Chaque projet d\u00e9bute par une analyse technique approfondie de vos besoins. <strong>Nous r\u00e9digeons ou exploitons un cahier des charges pr\u00e9cis<\/strong> pour concevoir des solutions adapt\u00e9es \u00e0 vos usages, contraintes et environnements.<\/p><br>\r\n        <p class=\"amcc-card-text\">Nous intervenons aussi bien sur <strong>des pi\u00e8ces unitaires, des sous-ensembles complexes<\/strong> que sur <strong>des syst\u00e8mes m\u00e9caniques complets.<\/strong><\/p>\n                <\/div>\n            <\/div>\n        <\/div>\n        <div class=\"amcc-card amcc-card-2\" style=\"background-image: url(https:\/\/www.amcc.fr\/wp-content\/uploads\/2025\/08\/shutterstock_2076774229_FORMAT.png);\">\n            <div class=\"amcc-card-overlay\"><\/div>\n            <div class=\"amcc-card-gradient\"><\/div>\n            <div class=\"amcc-card-content\">\n                <div class=\"amcc-card-icon\">\n                    <img decoding=\"async\" src=\"https:\/\/www.amcc.fr\/wp-content\/uploads\/2025\/07\/prestations-1.svg\" alt=\"Ic\u00f4ne Nos prestations en conception m\u00e9canique\">\n                <\/div>\n                <p class=\"amcc-card-title\">Nos prestations en conception m\u00e9canique<\/p>\n                <div class=\"amcc-card-hover-content\">\n                    <p class=\"amcc-card-hover-title\">Nos prestations en conception m\u00e9canique<\/p>\n                    <p class=\"amcc-card-text\">Nos outils de CAO performants (Kubotek, Creo, Catia) nous permettent de mod\u00e9liser avec pr\u00e9cision et d'anticiper les contraintes de fabrication.<\/p>\r\n        <ul class=\"amcc-card-list\">\r\n            <li>\u00c9tude de faisabilit\u00e9 et analyse fonctionnelle<\/li>\r\n            <li>Conception assist\u00e9e par ordinateur (CAO 2D \/ 3D)<\/li>\r\n            <li>Dimensionnements m\u00e9caniques et calculs de structure<\/li>\r\n            <li>Choix des mat\u00e9riaux et composants techniques<\/li>\r\n            <li>Plans de fabrication, d'assemblage et dossiers techniques<\/li>\r\n            <li>Optimisation pour l'industrialisation ou l'int\u00e9gration<\/li>\r\n        <\/ul>\n                <\/div>\n            <\/div>\n        <\/div>\n        <div class=\"amcc-card amcc-card-3\" style=\"background-image: url(https:\/\/www.amcc.fr\/wp-content\/uploads\/2025\/08\/shutterstock_1747003895_FORMAT.png);\">\n            <div class=\"amcc-card-overlay\"><\/div>\n            <div class=\"amcc-card-gradient\"><\/div>\n            <div class=\"amcc-card-content\">\n                <div class=\"amcc-card-icon\">\n                    <img decoding=\"async\" src=\"https:\/\/www.amcc.fr\/wp-content\/uploads\/2025\/07\/integration-1.svg\" alt=\"Ic\u00f4ne Int\u00e9gration avec les autres phases du projet\">\n                <\/div>\n                <p class=\"amcc-card-title\">Int\u00e9gration avec les autres phases du projet<\/p>\n                <div class=\"amcc-card-hover-content\">\n                    <p class=\"amcc-card-hover-title\">Int\u00e9gration avec les autres phases du projet<\/p>\n                    <p class=\"amcc-card-text\">Notre force r\u00e9side aussi dans notre capacit\u00e9 \u00e0 penser la conception en lien direct avec la fabrication et l'int\u00e9gration finale.<br>Chaque choix technique est \u00e9valu\u00e9 en tenant compte :<\/p>\r\n        <ul class=\"amcc-card-list\">\r\n            <li>Des m\u00e9thodes de production envisag\u00e9es (usinage, m\u00e9cano-soudure, d\u00e9coupe, fabrication additive, etc.)<\/li>\r\n            <li>Du montage et de la maintenance<\/li>\r\n            <li>Des normes et contraintes d'exploitation<\/li>\r\n        <\/ul>\r\n        <p class=\"amcc-card-text\">Cela garantit une solution coh\u00e9rente, fiable et industrialisable, d\u00e8s la phase de conception.<\/p>\n                <\/div>\n            <\/div>\n        <\/div>\n        <div class=\"amcc-card amcc-card-4\" style=\"background-image: url(https:\/\/www.amcc.fr\/wp-content\/uploads\/2025\/07\/collaboration.png);\">\n            <div class=\"amcc-card-overlay\"><\/div>\n            <div class=\"amcc-card-gradient\"><\/div>\n            <div class=\"amcc-card-content\">\n                <div class=\"amcc-card-icon\">\n                    <img decoding=\"async\" src=\"https:\/\/www.amcc.fr\/wp-content\/uploads\/2025\/07\/collaboration-1.svg\" alt=\"Ic\u00f4ne Une collaboration fluide et transparante\">\n                <\/div>\n                <p class=\"amcc-card-title\">Une collaboration fluide et transparante<\/p>\n                <div class=\"amcc-card-hover-content\">\n                    <p class=\"amcc-card-hover-title\">Une collaboration fluide et transparante<\/p>\n                    <p class=\"amcc-card-text\">Pendant toute la phase d'\u00e9tude, vous b\u00e9n\u00e9ficiez :<\/p>\r\n        <ul class=\"amcc-card-list\">\r\n            <li>D'un interlocuteur unique<\/li>\r\n            <li>De points d'\u00e9tape clairs et document\u00e9s<\/li>\r\n            <li>De livrables techniques exploitables imm\u00e9diatement (plans, fichiers 3D, nomenclatures\u2026)<\/li>\r\n        <\/ul>\n                <\/div>\n            <\/div>\n        <\/div><\/div><\/div>\n\t\t\t\t\t\t<\/div>\n\t\t\t\t<\/div>\n\t\t\t\t\t<\/div>\n\t\t\t\t<\/div>\n\t\t<div class=\"elementor-element elementor-element-3e3b526 e-flex e-con-boxed e-con e-parent\" data-id=\"3e3b526\" data-element_type=\"container\" data-e-type=\"container\">\n\t\t\t\t\t<div class=\"e-con-inner\">\n\t\t<div class=\"elementor-element elementor-element-32e5ba1 e-con-full e-flex e-con e-child\" data-id=\"32e5ba1\" data-element_type=\"container\" data-e-type=\"container\">\n\t\t\t\t<div class=\"elementor-element elementor-element-43b3449 elementor-widget-divider--view-line elementor-widget elementor-widget-divider\" data-id=\"43b3449\" data-element_type=\"widget\" data-e-type=\"widget\" data-widget_type=\"divider.default\">\n\t\t\t\t\t\t\t<div class=\"elementor-divider\">\n\t\t\t<span class=\"elementor-divider-separator\">\n\t\t\t\t\t\t<\/span>\n\t\t<\/div>\n\t\t\t\t\t\t<\/div>\n\t\t\t\t<\/div>\n\t\t\t\t\t<\/div>\n\t\t\t\t<\/div>\n\t\t<div class=\"elementor-element elementor-element-d772a7a e-flex e-con-boxed e-con e-parent\" data-id=\"d772a7a\" data-element_type=\"container\" data-e-type=\"container\">\n\t\t\t\t\t<div class=\"e-con-inner\">\n\t\t<div class=\"elementor-element elementor-element-f71b5cc e-con-full e-flex e-con e-child\" data-id=\"f71b5cc\" data-element_type=\"container\" data-e-type=\"container\">\n\t\t\t\t<div class=\"elementor-element elementor-element-6c9b678 elementor-widget__width-initial elementor-invisible elementor-widget elementor-widget-heading\" data-id=\"6c9b678\" data-element_type=\"widget\" data-e-type=\"widget\" data-settings=\"{&quot;_animation&quot;:&quot;fadeIn&quot;}\" data-widget_type=\"heading.default\">\n\t\t\t\t\t<h2 class=\"elementor-heading-title elementor-size-default\">Nous sommes\nl\u00e0 pour vous\naccompagner<\/h2>\t\t\t\t<\/div>\n\t\t\t\t<\/div>\n\t\t<div class=\"elementor-element elementor-element-52866cd e-con-full animated-slow e-flex elementor-invisible e-con e-child\" data-id=\"52866cd\" data-element_type=\"container\" data-e-type=\"container\" data-settings=\"{&quot;animation&quot;:&quot;fadeIn&quot;}\">\n\t\t\t\t<div class=\"elementor-element elementor-element-df9a47b elementor-widget elementor-widget-heading\" data-id=\"df9a47b\" data-element_type=\"widget\" data-e-type=\"widget\" data-widget_type=\"heading.default\">\n\t\t\t\t\t<p class=\"elementor-heading-title elementor-size-default\">Vous avez un projet m\u00e9canique\n\u00e0 d\u00e9velopper ?<\/p>\t\t\t\t<\/div>\n\t\t\t\t<div class=\"elementor-element elementor-element-7897ade elementor-widget elementor-widget-text-editor\" data-id=\"7897ade\" data-element_type=\"widget\" data-e-type=\"widget\" data-widget_type=\"text-editor.default\">\n\t\t\t\t\t\t\t\t\tContactez-nous pour \u00e9changer sur vos besoins, nous serons ravis de vous accompagner <span class=\"bold\">d\u00e8s les premi\u00e8res phases de r\u00e9flexion.<\/span>\t\t\t\t\t\t\t\t<\/div>\n\t\t\t\t<div class=\"elementor-element elementor-element-8a5b2f9 elementor-align-left elementor-widget elementor-widget-button\" data-id=\"8a5b2f9\" data-element_type=\"widget\" data-e-type=\"widget\" data-widget_type=\"button.default\">\n\t\t\t\t\t\t\t\t\t\t<a class=\"elementor-button elementor-button-link elementor-size-sm\" href=\"https:\/\/www.amcc.fr\/en\/contact\/\" id=\"btn-objectif\">\n\t\t\t\t\t\t<span class=\"elementor-button-content-wrapper\">\n\t\t\t\t\t\t\t\t\t<span class=\"elementor-button-text\">Contactez-nous<\/span>\n\t\t\t\t\t<\/span>\n\t\t\t\t\t<\/a>\n\t\t\t\t\t\t\t\t<\/div>\n\t\t\t\t<\/div>\n\t\t\t\t\t<\/div>\n\t\t\t\t<\/div>\n\t\t<div class=\"elementor-element elementor-element-86640d3 e-flex e-con-boxed e-con e-parent\" data-id=\"86640d3\" data-element_type=\"container\" data-e-type=\"container\">\n\t\t\t\t\t<div class=\"e-con-inner\">\n\t\t<div class=\"elementor-element elementor-element-4333b8a e-con-full e-flex e-con e-child\" data-id=\"4333b8a\" data-element_type=\"container\" data-e-type=\"container\">\n\t\t\t\t<div class=\"elementor-element elementor-element-45461fb elementor-widget-divider--view-line elementor-widget elementor-widget-divider\" data-id=\"45461fb\" data-element_type=\"widget\" data-e-type=\"widget\" data-widget_type=\"divider.default\">\n\t\t\t\t\t\t\t<div class=\"elementor-divider\">\n\t\t\t<span class=\"elementor-divider-separator\">\n\t\t\t\t\t\t<\/span>\n\t\t<\/div>\n\t\t\t\t\t\t<\/div>\n\t\t\t\t<\/div>\n\t\t\t\t\t<\/div>\n\t\t\t\t<\/div>\n\t\t<div class=\"elementor-element elementor-element-de61a8b e-flex e-con-boxed e-con e-parent\" data-id=\"de61a8b\" data-element_type=\"container\" data-e-type=\"container\">\n\t\t\t\t\t<div class=\"e-con-inner\">\n\t\t<div class=\"elementor-element elementor-element-23706c7 e-con-full e-flex e-con e-child\" data-id=\"23706c7\" data-element_type=\"container\" data-e-type=\"container\">\n\t\t\t\t<div class=\"elementor-element elementor-element-bc915a8 elementor-invisible elementor-widget elementor-widget-heading\" data-id=\"bc915a8\" data-element_type=\"widget\" data-e-type=\"widget\" data-settings=\"{&quot;_animation&quot;:&quot;fadeIn&quot;}\" data-widget_type=\"heading.default\">\n\t\t\t\t\t<h2 class=\"elementor-heading-title elementor-size-default\">Nos exemples d\u2019\u00e9tudes<\/h2>\t\t\t\t<\/div>\n\t\t\t\t<\/div>\n\t\t\t\t\t<\/div>\n\t\t\t\t<\/div>\n\t\t<div class=\"elementor-element elementor-element-8ad210b e-con-full e-flex e-con e-parent\" data-id=\"8ad210b\" data-element_type=\"container\" data-e-type=\"container\">\n\t\t\t\t<div class=\"elementor-element elementor-element-5835684 elementor-invisible elementor-widget elementor-widget-shortcode\" data-id=\"5835684\" data-element_type=\"widget\" data-e-type=\"widget\" data-settings=\"{&quot;_animation&quot;:&quot;fadeInUp&quot;}\" data-widget_type=\"shortcode.default\">\n\t\t\t\t\t\t\t<div class=\"elementor-shortcode\"><div class=\"amcc-carousel-conception-outer\"><div class=\"amcc-carousel-conception-container\" id=\"amcc-carousel-conception\">\n        <div class=\"amcc-carousel-conception-controls\">\n            <button class=\"amcc-carousel-conception-prev\" aria-label=\"Pr\u00e9c\u00e9dent\">\n                <span class=\"arrow-left\"><\/span>\n            <\/button>\n            <button class=\"amcc-carousel-conception-next\" aria-label=\"Suivant\">\n                <span class=\"arrow-right\"><\/span>\n            <\/button>\n        <\/div><div class=\"amcc-carousel-conception-viewport\"><div class=\"amcc-carousel-conception-track\">\n        <div class=\"amcc-carousel-conception-slide\" data-index=\"0\">\n            <div class=\"amcc-carousel-conception-content\">\n                <div class=\"amcc-carousel-conception-image-container\">\n                    <img decoding=\"async\" src=\"https:\/\/www.amcc.fr\/wp-content\/uploads\/2025\/07\/Assemblage-CAO-min.png\" alt=\"Machine soudure ballon stratosph\u00e9rique \" class=\"amcc-carousel-conception-image\">\n                <\/div>\n                <div class=\"amcc-carousel-conception-info\">\n                    <div class=\"amcc-carousel-conception-left-content\">\n                        <p class=\"amcc-carousel-conception-title\">Machine soudure ballon stratosph\u00e9rique <\/p>\n                        <div class=\"amcc-carousel-conception-subtitle\"><p><strong>Secteur\u00a0:<\/strong> Spatial<\/p>\n<\/div>\n                    <\/div>\n                    <div class=\"amcc-carousel-conception-description\">\n                        <p>Conception d\u2019une unit\u00e9 de soudure pour les ballons stratosph\u00e9riques<\/p>\n\n                    <\/div>\n                <\/div>\n            <\/div>\n        <\/div>\n        <div class=\"amcc-carousel-conception-slide\" data-index=\"1\">\n            <div class=\"amcc-carousel-conception-content\">\n                <div class=\"amcc-carousel-conception-image-container\">\n                    <img decoding=\"async\" src=\"https:\/\/www.amcc.fr\/wp-content\/uploads\/2025\/07\/Outillage-colonnette-min.png\" alt=\"Outillage de production \" class=\"amcc-carousel-conception-image\">\n                <\/div>\n                <div class=\"amcc-carousel-conception-info\">\n                    <div class=\"amcc-carousel-conception-left-content\">\n                        <p class=\"amcc-carousel-conception-title\">Outillage de production <\/p>\n                        <div class=\"amcc-carousel-conception-subtitle\"><p><strong>Secteur\u00a0:<\/strong> Automotive<\/p>\n<\/div>\n                    <\/div>\n                    <div class=\"amcc-carousel-conception-description\">\n                        <p>Conception et fabrication d\u2019un outillage de positionnement et d\u2019insertion de clip dans des pi\u00e8ces inject\u00e9es<\/p>\n\n                    <\/div>\n                <\/div>\n            <\/div>\n        <\/div>\n        <div class=\"amcc-carousel-conception-slide\" data-index=\"2\">\n            <div class=\"amcc-carousel-conception-content\">\n                <div class=\"amcc-carousel-conception-image-container\">\n                    <img decoding=\"async\" src=\"https:\/\/www.amcc.fr\/wp-content\/uploads\/2025\/07\/Assemblage-CAO-2-min.png\" alt=\"Assemblage \u00e9quipement automobile \" class=\"amcc-carousel-conception-image\">\n                <\/div>\n                <div class=\"amcc-carousel-conception-info\">\n                    <div class=\"amcc-carousel-conception-left-content\">\n                        <p class=\"amcc-carousel-conception-title\">Assemblage \u00e9quipement automobile <\/p>\n                        <div class=\"amcc-carousel-conception-subtitle\"><p><strong>Secteur\u00a0:<\/strong> Automotive<\/p>\n<\/div>\n                    <\/div>\n                    <div class=\"amcc-carousel-conception-description\">\n                        <p>Conception d\u2019une module d\u2019assemblage de produits pour l\u2019automobile<\/p>\n\n                    <\/div>\n                <\/div>\n            <\/div>\n        <\/div>\n        <div class=\"amcc-carousel-conception-slide\" data-index=\"3\">\n            <div class=\"amcc-carousel-conception-content\">\n                <div class=\"amcc-carousel-conception-image-container\">\n                    <img decoding=\"async\" src=\"https:\/\/www.amcc.fr\/wp-content\/uploads\/2025\/07\/2875-cambage-4-en-1-min.png\" alt=\"Outillage de cambrage de composant \u00e9lectronique \" class=\"amcc-carousel-conception-image\">\n                <\/div>\n                <div class=\"amcc-carousel-conception-info\">\n                    <div class=\"amcc-carousel-conception-left-content\">\n                        <p class=\"amcc-carousel-conception-title\">Outillage de cambrage de composant \u00e9lectronique <\/p>\n                        <div class=\"amcc-carousel-conception-subtitle\"><p><strong>Secteur :<\/strong> Spatial \/ Electronique<\/p>\n<\/div>\n                    <\/div>\n                    <div class=\"amcc-carousel-conception-description\">\n                        <p>Conception et fabrication d\u2019un outillage de cambrage de composants \u00e9lectronique<\/p>\n\n                    <\/div>\n                <\/div>\n            <\/div>\n        <\/div>\n        <div class=\"amcc-carousel-conception-slide\" data-index=\"4\">\n            <div class=\"amcc-carousel-conception-content\">\n                <div class=\"amcc-carousel-conception-image-container\">\n                    <img decoding=\"async\" src=\"https:\/\/www.amcc.fr\/wp-content\/uploads\/2025\/07\/out-cambrage-sans-efforts-min.png\" alt=\"Outillage de cambrage de composant \u00e9lectronique \" class=\"amcc-carousel-conception-image\">\n                <\/div>\n                <div class=\"amcc-carousel-conception-info\">\n                    <div class=\"amcc-carousel-conception-left-content\">\n                        <p class=\"amcc-carousel-conception-title\">Outillage de cambrage de composant \u00e9lectronique <\/p>\n                        <div class=\"amcc-carousel-conception-subtitle\"><p><strong>Secteur\u00a0:<\/strong> Spatial \/ Electronique<\/p>\n<\/div>\n                    <\/div>\n                    <div class=\"amcc-carousel-conception-description\">\n                        <p>Conception et fabrication d\u2019un outillage de cambrage de composants \u00e9lectronique<\/p>\n\n                    <\/div>\n                <\/div>\n            <\/div>\n        <\/div>\n        <div class=\"amcc-carousel-conception-slide\" data-index=\"5\">\n            <div class=\"amcc-carousel-conception-content\">\n                <div class=\"amcc-carousel-conception-image-container\">\n                    <img decoding=\"async\" src=\"https:\/\/www.amcc.fr\/wp-content\/uploads\/2025\/07\/out.decoupe-pneumat.8-min.png\" alt=\"Outillage de Cambrage et d\u00e9coupe semi automatis\u00e9\" class=\"amcc-carousel-conception-image\">\n                <\/div>\n                <div class=\"amcc-carousel-conception-info\">\n                    <div class=\"amcc-carousel-conception-left-content\">\n                        <p class=\"amcc-carousel-conception-title\">Outillage de Cambrage et d\u00e9coupe semi automatis\u00e9<\/p>\n                        <div class=\"amcc-carousel-conception-subtitle\"><p><strong>Secteur\u00a0:<\/strong> Spatial \/ Electronique<\/p>\n<\/div>\n                    <\/div>\n                    <div class=\"amcc-carousel-conception-description\">\n                        <p>Conception et fabrication d\u2019un outillage de cambrage et de d\u00e9coupe de composants \u00e9lectronique pneumatique semi automatis\u00e9<\/p>\n\n                    <\/div>\n                <\/div>\n            <\/div>\n        <\/div><\/div><\/div><\/div><\/div><\/div>\n\t\t\t\t\t\t<\/div>\n\t\t\t\t<\/div>\n\t\t\t\t<\/div>","protected":false},"excerpt":{"rendered":"<p>Conception m\u00e9canique \u00c9tudes, mod\u00e9lisation, calculs Du besoin \u00e0 la solution technique La conception m\u00e9canique est au c\u0153ur de notre m\u00e9tier. Gr\u00e2ce \u00e0 plus de 30 ans d\u2019exp\u00e9rience, nous transformons vos id\u00e9es et contraintes industrielles en syst\u00e8mes fiables, performants et pr\u00eats \u00e0 \u00eatre fabriqu\u00e9s. \u00c9tudes, mod\u00e9lisation, calculs Nos engagements Nous sommes l\u00e0 pour vous accompagner Vous [&hellip;]<\/p>\n","protected":false},"author":1,"featured_media":0,"parent":0,"menu_order":0,"comment_status":"closed","ping_status":"closed","template":"elementor_header_footer","meta":{"footnotes":""},"class_list":["post-28","page","type-page","status-publish","hentry"],"_links":{"self":[{"href":"https:\/\/www.amcc.fr\/en\/wp-json\/wp\/v2\/pages\/28","targetHints":{"allow":["GET"]}}],"collection":[{"href":"https:\/\/www.amcc.fr\/en\/wp-json\/wp\/v2\/pages"}],"about":[{"href":"https:\/\/www.amcc.fr\/en\/wp-json\/wp\/v2\/types\/page"}],"author":[{"embeddable":true,"href":"https:\/\/www.amcc.fr\/en\/wp-json\/wp\/v2\/users\/1"}],"replies":[{"embeddable":true,"href":"https:\/\/www.amcc.fr\/en\/wp-json\/wp\/v2\/comments?post=28"}],"version-history":[{"count":65,"href":"https:\/\/www.amcc.fr\/en\/wp-json\/wp\/v2\/pages\/28\/revisions"}],"predecessor-version":[{"id":1237,"href":"https:\/\/www.amcc.fr\/en\/wp-json\/wp\/v2\/pages\/28\/revisions\/1237"}],"wp:attachment":[{"href":"https:\/\/www.amcc.fr\/en\/wp-json\/wp\/v2\/media?parent=28"}],"curies":[{"name":"wp","href":"https:\/\/api.w.org\/{rel}","templated":true}]}}