{"id":30,"date":"2025-07-21T12:29:26","date_gmt":"2025-07-21T12:29:26","guid":{"rendered":"https:\/\/www.amcc.fr\/?page_id=30"},"modified":"2025-08-01T08:02:08","modified_gmt":"2025-08-01T08:02:08","slug":"machines-speciales","status":"publish","type":"page","link":"https:\/\/www.amcc.fr\/en\/machines-speciales\/","title":{"rendered":"Machines sp\u00e9ciales"},"content":{"rendered":"<div data-elementor-type=\"wp-page\" data-elementor-id=\"30\" class=\"elementor elementor-30\" data-elementor-post-type=\"page\">\n\t\t\t\t<div class=\"elementor-element elementor-element-84fe166 e-con-full e-flex e-con e-parent\" data-id=\"84fe166\" data-element_type=\"container\" data-e-type=\"container\" data-settings=\"{&quot;background_background&quot;:&quot;classic&quot;}\">\n\t\t<div class=\"elementor-element elementor-element-e9714d2 e-con-full e-flex e-con e-child\" data-id=\"e9714d2\" data-element_type=\"container\" data-e-type=\"container\">\n\t\t\t\t<div class=\"elementor-element elementor-element-9deb0be elementor-widget__width-initial elementor-widget-tablet__width-inherit elementor-widget-mobile__width-inherit advance-title elementor-invisible elementor-widget elementor-widget-heading\" data-id=\"9deb0be\" data-element_type=\"widget\" data-e-type=\"widget\" data-settings=\"{&quot;_animation&quot;:&quot;fadeIn&quot;}\" data-widget_type=\"heading.default\">\n\t\t\t\t\t<h1 class=\"elementor-heading-title elementor-size-default\">Machines\nsp\u00e9ciales<\/h1>\t\t\t\t<\/div>\n\t\t\t\t<div class=\"elementor-element elementor-element-6eb0fa3 elementor-widget elementor-widget-text-editor\" data-id=\"6eb0fa3\" data-element_type=\"widget\" data-e-type=\"widget\" data-widget_type=\"text-editor.default\">\n\t\t\t\t\t\t\t\t\t<p>Une conception adapt\u00e9e<\/p>\t\t\t\t\t\t\t\t<\/div>\n\t\t\t\t<div class=\"elementor-element elementor-element-5c43ef5 elementor-widget elementor-widget-heading\" data-id=\"5c43ef5\" data-element_type=\"widget\" data-e-type=\"widget\" data-widget_type=\"heading.default\">\n\t\t\t\t\t<h3 class=\"elementor-heading-title elementor-size-default\">Des solutions sur mesure pour\nvos besoins industriels sp\u00e9cifiques<\/h3>\t\t\t\t<\/div>\n\t\t\t\t<div class=\"elementor-element elementor-element-8bf7917 elementor-widget elementor-widget-text-editor\" data-id=\"8bf7917\" data-element_type=\"widget\" data-e-type=\"widget\" data-widget_type=\"text-editor.default\">\n\t\t\t\t\t\t\t\t\t<p>Nous concevons et d\u00e9veloppons des machines sp\u00e9ciales adapt\u00e9es \u00e0 vos processus, vos contraintes de production et vos objectifs de performance. Ces \u00e9quipements sont con\u00e7us pour r\u00e9pondre \u00e0 des besoins uniques : automatisation, manutention, assemblage, contr\u00f4le, transformation, etc.<\/p><p>\u00a0<\/p><p><span class=\"bold\">Notre force :<\/span> une approche pluridisciplinaire int\u00e9grant m\u00e9canique, pneumatique, \u00e9lectrique, \u00e9lectronique et automatisme.<\/p>\t\t\t\t\t\t\t\t<\/div>\n\t\t\t\t<\/div>\n\t\t<div class=\"elementor-element elementor-element-01df863 e-con-full e-flex e-con e-child\" data-id=\"01df863\" data-element_type=\"container\" data-e-type=\"container\" data-settings=\"{&quot;background_background&quot;:&quot;classic&quot;}\">\n\t\t\t\t<\/div>\n\t\t\t\t<\/div>\n\t\t<div class=\"elementor-element elementor-element-fcb34b3 e-flex e-con-boxed e-con e-parent\" data-id=\"fcb34b3\" data-element_type=\"container\" data-e-type=\"container\">\n\t\t\t\t\t<div class=\"e-con-inner\">\n\t\t<div class=\"elementor-element elementor-element-f6ad694 e-con-full e-flex e-con e-child\" data-id=\"f6ad694\" data-element_type=\"container\" data-e-type=\"container\">\n\t\t\t\t<div class=\"elementor-element elementor-element-06bebc1 elementor-widget elementor-widget-text-editor\" data-id=\"06bebc1\" data-element_type=\"widget\" data-e-type=\"widget\" data-widget_type=\"text-editor.default\">\n\t\t\t\t\t\t\t\t\t<p>Conception &amp; techniques<\/p>\t\t\t\t\t\t\t\t<\/div>\n\t\t\t\t<div class=\"elementor-element elementor-element-d05cfa4 elementor-widget-mobile__width-inherit elementor-invisible elementor-widget elementor-widget-heading\" data-id=\"d05cfa4\" data-element_type=\"widget\" data-e-type=\"widget\" data-settings=\"{&quot;_animation&quot;:&quot;fadeIn&quot;}\" data-widget_type=\"heading.default\">\n\t\t\t\t\t<h2 class=\"elementor-heading-title elementor-size-default\">Nos engagements<\/h2>\t\t\t\t<\/div>\n\t\t\t\t<div class=\"elementor-element elementor-element-402df92 elementor-widget__width-inherit elementor-invisible elementor-widget elementor-widget-shortcode\" data-id=\"402df92\" data-element_type=\"widget\" data-e-type=\"widget\" data-settings=\"{&quot;_animation&quot;:&quot;fadeInUp&quot;}\" data-widget_type=\"shortcode.default\">\n\t\t\t\t\t\t\t<div class=\"elementor-shortcode\"><div class=\"amcc-machines-container\">\n        <div class=\"amcc-machine amcc-machine-1\" style=\"background-image: url(https:\/\/www.amcc.fr\/wp-content\/uploads\/2025\/07\/reponse-min.jpg);\">\n            <div class=\"amcc-machine-overlay\"><\/div>\n            <div class=\"amcc-machine-gradient\"><\/div>\n            <div class=\"amcc-machine-content\">\n                <div class=\"amcc-machine-icon\">\n                    <img decoding=\"async\" src=\"https:\/\/www.amcc.fr\/wp-content\/uploads\/2025\/07\/reponse.svg\" alt=\"Ic\u00f4ne Une r\u00e9ponse \u00e0 vos enjeux industriels\">\n                <\/div>\n                <p class=\"amcc-machine-title\">Une r\u00e9ponse \u00e0 vos enjeux industriels<\/p>\n                <div class=\"amcc-machine-hover-content\">\n                    <p class=\"amcc-machine-hover-title\">Une r\u00e9ponse \u00e0 vos enjeux industriels<\/p>\n                    <p class=\"amcc-card-text\">Chaque machine sp\u00e9ciale est con\u00e7ue \u00e0 partir de vos probl\u00e9matiques terrain :<\/p>\r\n            <ul class=\"amcc-card-list\">\r\n                <li>Gagner en productivit\u00e9 ou en pr\u00e9cision<\/li>\r\n                <li>Automatiser une t\u00e2che complexe ou r\u00e9p\u00e9titive<\/li>\r\n                <li>Adapter un poste de travail \u00e0 des contraintes sp\u00e9cifiques<\/li>\r\n                <li>Int\u00e9grer une nouvelle technologie \u00e0 votre ligne de production<\/li>\r\n            <\/ul>\r\n            <p class=\"amcc-card-text\">Notre \u00e9quipe vous accompagne de l'\u00e9tude fonctionnelle \u00e0 la mise en service, pour d\u00e9velopper un \u00e9quipement parfaitement adapt\u00e9 \u00e0 votre environnement industriel.<\/p>\n                <\/div>\n            <\/div>\n        <\/div>\n        <div class=\"amcc-machine amcc-machine-2\" style=\"background-image: url(https:\/\/www.amcc.fr\/wp-content\/uploads\/2025\/07\/processus.png);\">\n            <div class=\"amcc-machine-overlay\"><\/div>\n            <div class=\"amcc-machine-gradient\"><\/div>\n            <div class=\"amcc-machine-content\">\n                <div class=\"amcc-machine-icon\">\n                    <img decoding=\"async\" src=\"https:\/\/www.amcc.fr\/wp-content\/uploads\/2025\/07\/processus.svg\" alt=\"Ic\u00f4ne Un processus complet de conception \u00e0 l&#039;int\u00e9gration\">\n                <\/div>\n                <p class=\"amcc-machine-title\">Un processus complet de conception \u00e0 l&#039;int\u00e9gration<\/p>\n                <div class=\"amcc-machine-hover-content\">\n                    <p class=\"amcc-machine-hover-title\">Un processus complet de conception \u00e0 l&#039;int\u00e9gration<\/p>\n                    <p class=\"amcc-card-text\">Nos prestations couvrent :<\/p>\r\n            <ul class=\"amcc-card-list\">\r\n                <li>Analyse fonctionnelle et r\u00e9daction du cahier des charges<\/li>\r\n                <li>\u00c9tudes m\u00e9caniques, choix des solutions techniques<\/li>\r\n                <li>Conception pluridisciplinaire (m\u00e9canique, pneumatique, \u00e9lectrique)<\/li>\r\n                <li>Dossiers de fabrication et de montage<\/li>\r\n                <li>Pilotage de la fabrication et de l'assemblage<\/li>\r\n                <li>Mise au point, tests et installation sur site client<\/li>\r\n            <\/ul>\n                <\/div>\n            <\/div>\n        <\/div>\n        <div class=\"amcc-machine amcc-machine-3\" style=\"background-image: url(https:\/\/www.amcc.fr\/wp-content\/uploads\/2025\/07\/approche-min-1.jpg);\">\n            <div class=\"amcc-machine-overlay\"><\/div>\n            <div class=\"amcc-machine-gradient\"><\/div>\n            <div class=\"amcc-machine-content\">\n                <div class=\"amcc-machine-icon\">\n                    <img decoding=\"async\" src=\"https:\/\/www.amcc.fr\/wp-content\/uploads\/2025\/07\/approche-1.svg\" alt=\"Ic\u00f4ne Une approche pluridisciplinaire\">\n                <\/div>\n                <p class=\"amcc-machine-title\">Une approche pluridisciplinaire<\/p>\n                <div class=\"amcc-machine-hover-content\">\n                    <p class=\"amcc-machine-hover-title\">Une approche pluridisciplinaire<\/p>\n                    <p class=\"amcc-card-text\">Nous collaborons avec des partenaires sp\u00e9cialis\u00e9s pour int\u00e9grer :<\/p>\r\n            <ul class=\"amcc-card-list\">\r\n                <li>Actionneurs pneumatiques ou \u00e9lectriques<\/li>\r\n                <li>Capteurs, motorisations et asservissement<\/li>\r\n                <li>Commandes simples (relais, temporisation, s\u00e9curit\u00e9\u2026)<\/li>\r\n            <\/ul>\r\n            <p class=\"amcc-card-text\">Cela nous permet de livrer des syst\u00e8mes complets, pr\u00eats \u00e0 \u00eatre int\u00e9gr\u00e9s \u00e0 vos lignes ou \u00e0 fonctionner en autonomie.<\/p>\n                <\/div>\n            <\/div>\n        <\/div>\n        <div class=\"amcc-machine amcc-machine-4\" style=\"background-image: url(https:\/\/www.amcc.fr\/wp-content\/uploads\/2025\/07\/mise-en-service-min.jpg);\">\n            <div class=\"amcc-machine-overlay\"><\/div>\n            <div class=\"amcc-machine-gradient\"><\/div>\n            <div class=\"amcc-machine-content\">\n                <div class=\"amcc-machine-icon\">\n                    <img decoding=\"async\" src=\"https:\/\/www.amcc.fr\/wp-content\/uploads\/2025\/07\/mise-en-service.svg\" alt=\"Ic\u00f4ne Mise en service et suivi sur site\">\n                <\/div>\n                <p class=\"amcc-machine-title\">Mise en service et suivi sur site<\/p>\n                <div class=\"amcc-machine-hover-content\">\n                    <p class=\"amcc-machine-hover-title\">Mise en service et suivi sur site<\/p>\n                    <p class=\"amcc-card-text\">Pr\u00e9paration \u00e0 l'automatisation si n\u00e9cessaire (avec vos automaticiens ou partenaires)<br>Chaque machine est test\u00e9e, r\u00e9gl\u00e9e et valid\u00e9e, puis :<\/p>\r\n            <ul class=\"amcc-card-list\">\r\n                <li>Install\u00e9e sur site si n\u00e9cessaire<\/li>\r\n                <li>V\u00e9rifi\u00e9e en condition r\u00e9elle de fonctionnement<\/li>\r\n                <li>Ajust\u00e9e pour r\u00e9pondre aux conditions sp\u00e9cifiques de production<\/li>\r\n            <\/ul>\r\n            <p class=\"amcc-card-text\">Nous restons disponibles pour assurer la formation, l'assistance et le suivi technique apr\u00e8s la mise en service.<\/p>\n                <\/div>\n            <\/div>\n        <\/div><\/div><\/div>\n\t\t\t\t\t\t<\/div>\n\t\t\t\t<\/div>\n\t\t\t\t\t<\/div>\n\t\t\t\t<\/div>\n\t\t<div class=\"elementor-element elementor-element-642e794 e-flex e-con-boxed e-con e-parent\" data-id=\"642e794\" data-element_type=\"container\" data-e-type=\"container\">\n\t\t\t\t\t<div class=\"e-con-inner\">\n\t\t<div class=\"elementor-element elementor-element-239e8d8 e-con-full e-flex e-con e-child\" data-id=\"239e8d8\" data-element_type=\"container\" data-e-type=\"container\">\n\t\t\t\t<div class=\"elementor-element elementor-element-a21a65c elementor-widget-divider--view-line elementor-widget elementor-widget-divider\" data-id=\"a21a65c\" data-element_type=\"widget\" data-e-type=\"widget\" data-widget_type=\"divider.default\">\n\t\t\t\t\t\t\t<div class=\"elementor-divider\">\n\t\t\t<span class=\"elementor-divider-separator\">\n\t\t\t\t\t\t<\/span>\n\t\t<\/div>\n\t\t\t\t\t\t<\/div>\n\t\t\t\t<\/div>\n\t\t\t\t\t<\/div>\n\t\t\t\t<\/div>\n\t\t<div class=\"elementor-element elementor-element-6ddfd10 e-flex e-con-boxed e-con e-parent\" data-id=\"6ddfd10\" data-element_type=\"container\" data-e-type=\"container\">\n\t\t\t\t\t<div class=\"e-con-inner\">\n\t\t<div class=\"elementor-element elementor-element-7a3cd6b e-con-full e-flex e-con e-child\" data-id=\"7a3cd6b\" data-element_type=\"container\" data-e-type=\"container\">\n\t\t\t\t<div class=\"elementor-element elementor-element-f0a195c elementor-widget__width-initial elementor-invisible elementor-widget elementor-widget-heading\" data-id=\"f0a195c\" data-element_type=\"widget\" data-e-type=\"widget\" data-settings=\"{&quot;_animation&quot;:&quot;fadeIn&quot;}\" data-widget_type=\"heading.default\">\n\t\t\t\t\t<h2 class=\"elementor-heading-title elementor-size-default\">Nous sommes\nl\u00e0 pour vous\naccompagner<\/h2>\t\t\t\t<\/div>\n\t\t\t\t<\/div>\n\t\t<div class=\"elementor-element elementor-element-0987e50 e-con-full animated-slow e-flex elementor-invisible e-con e-child\" data-id=\"0987e50\" data-element_type=\"container\" data-e-type=\"container\" data-settings=\"{&quot;animation&quot;:&quot;fadeIn&quot;}\">\n\t\t\t\t<div class=\"elementor-element elementor-element-f1489c1 elementor-widget elementor-widget-heading\" data-id=\"f1489c1\" data-element_type=\"widget\" data-e-type=\"widget\" data-widget_type=\"heading.default\">\n\t\t\t\t\t<p class=\"elementor-heading-title elementor-size-default\">Besoin de faire fabriquer une pi\u00e8ce,\nun syst\u00e8me ou une machine ?<\/p>\t\t\t\t<\/div>\n\t\t\t\t<div class=\"elementor-element elementor-element-9a35b6c elementor-widget elementor-widget-text-editor\" data-id=\"9a35b6c\" data-element_type=\"widget\" data-e-type=\"widget\" data-widget_type=\"text-editor.default\">\n\t\t\t\t\t\t\t\t\tContactez AMCC pour discuter de votre projet. <span class=\"bold\">Nous vous proposons une solution adapt\u00e9e, cl\u00e9 en main.<\/span>\t\t\t\t\t\t\t\t<\/div>\n\t\t\t\t<div class=\"elementor-element elementor-element-e405191 elementor-align-left elementor-widget elementor-widget-button\" data-id=\"e405191\" data-element_type=\"widget\" data-e-type=\"widget\" data-widget_type=\"button.default\">\n\t\t\t\t\t\t\t\t\t\t<a class=\"elementor-button elementor-button-link elementor-size-sm\" href=\"https:\/\/www.amcc.fr\/en\/contact\/\" id=\"btn-objectif\">\n\t\t\t\t\t\t<span class=\"elementor-button-content-wrapper\">\n\t\t\t\t\t\t\t\t\t<span class=\"elementor-button-text\">Contactez-nous<\/span>\n\t\t\t\t\t<\/span>\n\t\t\t\t\t<\/a>\n\t\t\t\t\t\t\t\t<\/div>\n\t\t\t\t<\/div>\n\t\t\t\t\t<\/div>\n\t\t\t\t<\/div>\n\t\t<div class=\"elementor-element elementor-element-b2bdd6c e-flex e-con-boxed e-con e-parent\" data-id=\"b2bdd6c\" data-element_type=\"container\" data-e-type=\"container\">\n\t\t\t\t\t<div class=\"e-con-inner\">\n\t\t<div class=\"elementor-element elementor-element-054c770 e-con-full e-flex e-con e-child\" data-id=\"054c770\" data-element_type=\"container\" data-e-type=\"container\">\n\t\t\t\t<div class=\"elementor-element elementor-element-0d1fff7 elementor-widget-divider--view-line elementor-widget elementor-widget-divider\" data-id=\"0d1fff7\" data-element_type=\"widget\" data-e-type=\"widget\" data-widget_type=\"divider.default\">\n\t\t\t\t\t\t\t<div class=\"elementor-divider\">\n\t\t\t<span class=\"elementor-divider-separator\">\n\t\t\t\t\t\t<\/span>\n\t\t<\/div>\n\t\t\t\t\t\t<\/div>\n\t\t\t\t<\/div>\n\t\t\t\t\t<\/div>\n\t\t\t\t<\/div>\n\t\t<div class=\"elementor-element elementor-element-e8e4872 e-flex e-con-boxed e-con e-parent\" data-id=\"e8e4872\" data-element_type=\"container\" data-e-type=\"container\">\n\t\t\t\t\t<div class=\"e-con-inner\">\n\t\t<div class=\"elementor-element elementor-element-959dba1 e-con-full e-flex e-con e-child\" data-id=\"959dba1\" data-element_type=\"container\" data-e-type=\"container\">\n\t\t\t\t<div class=\"elementor-element elementor-element-cf1d696 elementor-invisible elementor-widget elementor-widget-heading\" data-id=\"cf1d696\" data-element_type=\"widget\" data-e-type=\"widget\" data-settings=\"{&quot;_animation&quot;:&quot;fadeIn&quot;}\" data-widget_type=\"heading.default\">\n\t\t\t\t\t<h2 class=\"elementor-heading-title elementor-size-default\">Nos exemples de machines sp\u00e9ciales<\/h2>\t\t\t\t<\/div>\n\t\t\t\t<\/div>\n\t\t\t\t\t<\/div>\n\t\t\t\t<\/div>\n\t\t<div class=\"elementor-element elementor-element-8deccb3 e-con-full e-flex e-con e-parent\" data-id=\"8deccb3\" data-element_type=\"container\" data-e-type=\"container\">\n\t\t\t\t<div class=\"elementor-element elementor-element-75db724 elementor-invisible elementor-widget elementor-widget-shortcode\" data-id=\"75db724\" data-element_type=\"widget\" data-e-type=\"widget\" data-settings=\"{&quot;_animation&quot;:&quot;fadeInUp&quot;}\" data-widget_type=\"shortcode.default\">\n\t\t\t\t\t\t\t<div class=\"elementor-shortcode\"><div class=\"amcc-carousel-conception-outer\"><div class=\"amcc-carousel-conception-container\" id=\"amcc-carousel-conception\">\n        <div class=\"amcc-carousel-conception-controls\">\n            <button class=\"amcc-carousel-conception-prev\" aria-label=\"Pr\u00e9c\u00e9dent\">\n                <span class=\"arrow-left\"><\/span>\n            <\/button>\n            <button class=\"amcc-carousel-conception-next\" aria-label=\"Suivant\">\n                <span class=\"arrow-right\"><\/span>\n            <\/button>\n        <\/div><div class=\"amcc-carousel-conception-viewport\"><div class=\"amcc-carousel-conception-track\">\n        <div class=\"amcc-carousel-conception-slide\" data-index=\"0\">\n            <div class=\"amcc-carousel-conception-content\">\n                <div class=\"amcc-carousel-conception-image-container\">\n                    <img decoding=\"async\" src=\"https:\/\/www.amcc.fr\/wp-content\/uploads\/2025\/07\/Machine-soudure-ballon-stratospherique-min.png\" alt=\"Machine soudure ballon stratosph\u00e9rique\" class=\"amcc-carousel-conception-image\">\n                <\/div>\n                <div class=\"amcc-carousel-conception-info\">\n                    <div class=\"amcc-carousel-conception-left-content\">\n                        <p class=\"amcc-carousel-conception-title\">Machine soudure ballon stratosph\u00e9rique<\/p>\n                        <div class=\"amcc-carousel-conception-subtitle\"><p>Secteur\u00a0: Spatial<\/p>\n<\/div>\n                    <\/div>\n                    <div class=\"amcc-carousel-conception-description\">\n                        <p>Conception, fabrication et test d\u2019une unit\u00e9 de soudure pour les ballons stratosph\u00e9riques<\/p>\n\n                    <\/div>\n                <\/div>\n            <\/div>\n        <\/div>\n        <div class=\"amcc-carousel-conception-slide\" data-index=\"1\">\n            <div class=\"amcc-carousel-conception-content\">\n                <div class=\"amcc-carousel-conception-image-container\">\n                    <img decoding=\"async\" src=\"https:\/\/www.amcc.fr\/wp-content\/uploads\/2025\/07\/Banc-de-montage-min.png\" alt=\"Poste de travail\" class=\"amcc-carousel-conception-image\">\n                <\/div>\n                <div class=\"amcc-carousel-conception-info\">\n                    <div class=\"amcc-carousel-conception-left-content\">\n                        <p class=\"amcc-carousel-conception-title\">Poste de travail<\/p>\n                        <div class=\"amcc-carousel-conception-subtitle\"><p><strong>Secteur\u00a0:<\/strong> Automotive<\/p>\n<\/div>\n                    <\/div>\n                    <div class=\"amcc-carousel-conception-description\">\n                        <p>Conception, fabrication et tests d\u2019un poste de travail pour l\u2019assemblage de boitier \u00e9lectronique<\/p>\n\n                    <\/div>\n                <\/div>\n            <\/div>\n        <\/div>\n        <div class=\"amcc-carousel-conception-slide\" data-index=\"2\">\n            <div class=\"amcc-carousel-conception-content\">\n                <div class=\"amcc-carousel-conception-image-container\">\n                    <img decoding=\"async\" src=\"https:\/\/www.amcc.fr\/wp-content\/uploads\/2025\/07\/Automotive-outil-de-montage-min.png\" alt=\"Poste d\u2019assemblage \" class=\"amcc-carousel-conception-image\">\n                <\/div>\n                <div class=\"amcc-carousel-conception-info\">\n                    <div class=\"amcc-carousel-conception-left-content\">\n                        <p class=\"amcc-carousel-conception-title\">Poste d\u2019assemblage <\/p>\n                        <div class=\"amcc-carousel-conception-subtitle\"><p><strong>Secteur\u00a0:<\/strong> Automotive<\/p>\n<\/div>\n                    <\/div>\n                    <div class=\"amcc-carousel-conception-description\">\n                        <p>Conception, fabrication et tests d\u2019un poste d\u2019assemblage de composants automobile<\/p>\n\n                    <\/div>\n                <\/div>\n            <\/div>\n        <\/div><\/div><\/div><\/div><\/div><\/div>\n\t\t\t\t\t\t<\/div>\n\t\t\t\t<\/div>\n\t\t\t\t<\/div>","protected":false},"excerpt":{"rendered":"<p>Machines sp\u00e9ciales Une conception adapt\u00e9e Des solutions sur mesure pour vos besoins industriels sp\u00e9cifiques Nous concevons et d\u00e9veloppons des machines sp\u00e9ciales adapt\u00e9es \u00e0 vos processus, vos contraintes de production et vos objectifs de performance. Ces \u00e9quipements sont con\u00e7us pour r\u00e9pondre \u00e0 des besoins uniques : automatisation, manutention, assemblage, contr\u00f4le, transformation, etc. \u00a0 Notre force : [&hellip;]<\/p>\n","protected":false},"author":1,"featured_media":0,"parent":0,"menu_order":0,"comment_status":"closed","ping_status":"closed","template":"elementor_header_footer","meta":{"footnotes":""},"class_list":["post-30","page","type-page","status-publish","hentry"],"_links":{"self":[{"href":"https:\/\/www.amcc.fr\/en\/wp-json\/wp\/v2\/pages\/30","targetHints":{"allow":["GET"]}}],"collection":[{"href":"https:\/\/www.amcc.fr\/en\/wp-json\/wp\/v2\/pages"}],"about":[{"href":"https:\/\/www.amcc.fr\/en\/wp-json\/wp\/v2\/types\/page"}],"author":[{"embeddable":true,"href":"https:\/\/www.amcc.fr\/en\/wp-json\/wp\/v2\/users\/1"}],"replies":[{"embeddable":true,"href":"https:\/\/www.amcc.fr\/en\/wp-json\/wp\/v2\/comments?post=30"}],"version-history":[{"count":20,"href":"https:\/\/www.amcc.fr\/en\/wp-json\/wp\/v2\/pages\/30\/revisions"}],"predecessor-version":[{"id":1209,"href":"https:\/\/www.amcc.fr\/en\/wp-json\/wp\/v2\/pages\/30\/revisions\/1209"}],"wp:attachment":[{"href":"https:\/\/www.amcc.fr\/en\/wp-json\/wp\/v2\/media?parent=30"}],"curies":[{"name":"wp","href":"https:\/\/api.w.org\/{rel}","templated":true}]}}