{"id":32,"date":"2025-07-21T12:29:33","date_gmt":"2025-07-21T12:29:33","guid":{"rendered":"https:\/\/www.amcc.fr\/?page_id=32"},"modified":"2025-10-16T10:00:45","modified_gmt":"2025-10-16T10:00:45","slug":"fabrication","status":"publish","type":"page","link":"https:\/\/www.amcc.fr\/en\/fabrication\/","title":{"rendered":"Fabrication"},"content":{"rendered":"<div data-elementor-type=\"wp-page\" data-elementor-id=\"32\" class=\"elementor elementor-32\" data-elementor-post-type=\"page\">\n\t\t\t\t<div class=\"elementor-element elementor-element-223a3ad e-con-full e-flex e-con e-parent\" data-id=\"223a3ad\" data-element_type=\"container\" data-e-type=\"container\" data-settings=\"{&quot;background_background&quot;:&quot;classic&quot;}\">\n\t\t<div class=\"elementor-element elementor-element-ab08cf6 e-con-full e-flex e-con e-child\" data-id=\"ab08cf6\" data-element_type=\"container\" data-e-type=\"container\">\n\t\t\t\t<div class=\"elementor-element elementor-element-ee9718c elementor-widget__width-initial elementor-widget-tablet__width-inherit elementor-widget-mobile__width-inherit advance-title elementor-invisible elementor-widget elementor-widget-heading\" data-id=\"ee9718c\" data-element_type=\"widget\" data-e-type=\"widget\" data-settings=\"{&quot;_animation&quot;:&quot;fadeIn&quot;}\" data-widget_type=\"heading.default\">\n\t\t\t\t\t<h1 class=\"elementor-heading-title elementor-size-default\">Fabrication\n&amp; prototypage<\/h1>\t\t\t\t<\/div>\n\t\t\t\t<div class=\"elementor-element elementor-element-31f2d0e elementor-widget elementor-widget-text-editor\" data-id=\"31f2d0e\" data-element_type=\"widget\" data-e-type=\"widget\" data-widget_type=\"text-editor.default\">\n\t\t\t\t\t\t\t\t\t<p>Qualit\u00e9 &amp; expertise<\/p>\t\t\t\t\t\t\t\t<\/div>\n\t\t\t\t<div class=\"elementor-element elementor-element-026c97b elementor-widget elementor-widget-heading\" data-id=\"026c97b\" data-element_type=\"widget\" data-e-type=\"widget\" data-widget_type=\"heading.default\">\n\t\t\t\t\t<h3 class=\"elementor-heading-title elementor-size-default\">Une production ma\u00eetris\u00e9e,\npilot\u00e9e par AMCC<\/h3>\t\t\t\t<\/div>\n\t\t\t\t<div class=\"elementor-element elementor-element-602d3ea elementor-widget elementor-widget-text-editor\" data-id=\"602d3ea\" data-element_type=\"widget\" data-e-type=\"widget\" data-widget_type=\"text-editor.default\">\n\t\t\t\t\t\t\t\t\t<p>Nous assurons le pilotage complet de la fabrication de vos pi\u00e8ces, sous-ensembles et syst\u00e8mes m\u00e9caniques. Fort de notre expertise, nous pouvons vous conseiller dans le choix des mat\u00e9riaux et traitements en fonction de vos applications Nous travaillons avec un r\u00e9seau de partenaires qualifi\u00e9s et s\u00e9lectionn\u00e9s selon les exigences techniques de chaque projet.<\/p><p>\u00a0<\/p><p><span class=\"bold\">Notre objectif :<\/span> vous garantir une r\u00e9alisation conforme, fiable et dans les d\u00e9lais, tout en restant votre interlocuteur unique de bout en bout.<\/p>\t\t\t\t\t\t\t\t<\/div>\n\t\t\t\t<\/div>\n\t\t<div class=\"elementor-element elementor-element-c166ca0 e-con-full e-flex e-con e-child\" data-id=\"c166ca0\" data-element_type=\"container\" data-e-type=\"container\" data-settings=\"{&quot;background_background&quot;:&quot;classic&quot;}\">\n\t\t\t\t<\/div>\n\t\t\t\t<\/div>\n\t\t<div class=\"elementor-element elementor-element-f4dc9f1 e-flex e-con-boxed e-con e-parent\" data-id=\"f4dc9f1\" data-element_type=\"container\" data-e-type=\"container\">\n\t\t\t\t\t<div class=\"e-con-inner\">\n\t\t<div class=\"elementor-element elementor-element-442150d e-con-full e-flex e-con e-child\" data-id=\"442150d\" data-element_type=\"container\" data-e-type=\"container\">\n\t\t\t\t<div class=\"elementor-element elementor-element-67fa3ba elementor-widget elementor-widget-text-editor\" data-id=\"67fa3ba\" data-element_type=\"widget\" data-e-type=\"widget\" data-widget_type=\"text-editor.default\">\n\t\t\t\t\t\t\t\t\t<p>Conception &amp; techniques<\/p>\t\t\t\t\t\t\t\t<\/div>\n\t\t\t\t<div class=\"elementor-element elementor-element-15147c6 elementor-widget-mobile__width-inherit elementor-invisible elementor-widget elementor-widget-heading\" data-id=\"15147c6\" data-element_type=\"widget\" data-e-type=\"widget\" data-settings=\"{&quot;_animation&quot;:&quot;fadeIn&quot;}\" data-widget_type=\"heading.default\">\n\t\t\t\t\t<h2 class=\"elementor-heading-title elementor-size-default\">Nos engagements<\/h2>\t\t\t\t<\/div>\n\t\t\t\t<div class=\"elementor-element elementor-element-a35877a elementor-widget__width-inherit elementor-invisible elementor-widget elementor-widget-shortcode\" data-id=\"a35877a\" data-element_type=\"widget\" data-e-type=\"widget\" data-settings=\"{&quot;_animation&quot;:&quot;fadeInUp&quot;}\" data-widget_type=\"shortcode.default\">\n\t\t\t\t\t\t\t<div class=\"elementor-shortcode\"><div class=\"amcc-cards-fabrication-container\">\n        <div class=\"amcc-card-fabrication amcc-card-fabrication-1\" style=\"background-image: url(https:\/\/www.amcc.fr\/wp-content\/uploads\/2025\/07\/fabrication.png);\">\n            <div class=\"amcc-card-fabrication-overlay\"><\/div>\n            <div class=\"amcc-card-fabrication-gradient\"><\/div>\n            <div class=\"amcc-card-fabrication-content\">\n                <div class=\"amcc-card-fabrication-icon\">\n                    <img decoding=\"async\" src=\"https:\/\/www.amcc.fr\/wp-content\/uploads\/2025\/07\/fabrication.svg\" alt=\"Ic\u00f4ne Une fabrication sur mesure\">\n                <\/div>\n                <p class=\"amcc-card-fabrication-title\">Une fabrication sur mesure<\/p>\n                <div class=\"amcc-card-fabrication-hover-content\">\n                    <p class=\"amcc-card-fabrication-hover-title\">Une fabrication sur mesure<\/p>\n                    <p class=\"amcc-card-text\">Nous assurons la coordination technique entre l'\u00e9tude et la fabrication, pour garantir une parfaite continuit\u00e9 du projet, de la conception \u00e0 la livraison. Nos services incluent :<\/p>\r\n            <ul class=\"amcc-card-list\">\r\n                <li>Pr\u00e9paration et transmission des dossiers techniques de fabrication<\/li>\r\n                <li>Analyse et choix du proc\u00e9d\u00e9 en accord avec les exigences (usinage, m\u00e9cano-soudure, fabrication additive, d\u00e9coupe laser, traitements, etc.)<\/li>\r\n                <li>Suivi de la production et des d\u00e9lais<\/li>\r\n                <li>Contr\u00f4le qualit\u00e9 des pi\u00e8ces r\u00e9alis\u00e9es<\/li>\r\n            <\/ul>\r\n            <p class=\"amcc-card-text\">Chaque projet b\u00e9n\u00e9ficie d'un suivi personnalis\u00e9, bas\u00e9 sur la rigueur technique et la transparence.<\/p>\n                <\/div>\n            <\/div>\n        <\/div>\n        <div class=\"amcc-card-fabrication amcc-card-fabrication-2\" style=\"background-image: url(https:\/\/www.amcc.fr\/wp-content\/uploads\/2025\/07\/interface-min.jpg);\">\n            <div class=\"amcc-card-fabrication-overlay\"><\/div>\n            <div class=\"amcc-card-fabrication-gradient\"><\/div>\n            <div class=\"amcc-card-fabrication-content\">\n                <div class=\"amcc-card-fabrication-icon\">\n                    <img decoding=\"async\" src=\"https:\/\/www.amcc.fr\/wp-content\/uploads\/2025\/07\/interface.svg\" alt=\"Ic\u00f4ne Une interface claire entre \u00e9tude et atelier\">\n                <\/div>\n                <p class=\"amcc-card-fabrication-title\">Une interface claire entre \u00e9tude et atelier<\/p>\n                <div class=\"amcc-card-fabrication-hover-content\">\n                    <p class=\"amcc-card-fabrication-hover-title\">Une interface claire entre \u00e9tude et atelier<\/p>\n                    <p class=\"amcc-card-text\">Notre d\u00e9marche garantit que la fabrication soit :<\/p>\r\n            <ul class=\"amcc-card-list\">\r\n                <li>Adapt\u00e9e aux exigences techniques d\u00e9finies en amont<\/li>\r\n                <li>Compatible avec les moyens industriels disponibles<\/li>\r\n                <li>Optimis\u00e9e pour les co\u00fbts, les d\u00e9lais et la qualit\u00e9 finale<\/li>\r\n            <\/ul>\r\n            <p class=\"amcc-card-text\">Nous adaptons le processus selon vos priorit\u00e9s : prototype, petite s\u00e9rie ou production unitaire.<\/p>\n                <\/div>\n            <\/div>\n        <\/div>\n        <div class=\"amcc-card-fabrication amcc-card-fabrication-3\" style=\"background-image: url(https:\/\/www.amcc.fr\/wp-content\/uploads\/2025\/07\/engagement-min.jpg);\">\n            <div class=\"amcc-card-fabrication-overlay\"><\/div>\n            <div class=\"amcc-card-fabrication-gradient\"><\/div>\n            <div class=\"amcc-card-fabrication-content\">\n                <div class=\"amcc-card-fabrication-icon\">\n                    <img decoding=\"async\" src=\"https:\/\/www.amcc.fr\/wp-content\/uploads\/2025\/07\/controle.svg\" alt=\"Ic\u00f4ne Contr\u00f4le et conformit\u00e9\">\n                <\/div>\n                <p class=\"amcc-card-fabrication-title\">Contr\u00f4le et conformit\u00e9<\/p>\n                <div class=\"amcc-card-fabrication-hover-content\">\n                    <p class=\"amcc-card-fabrication-hover-title\">Contr\u00f4le et conformit\u00e9<\/p>\n                    <p class=\"amcc-card-text\">Avant livraison, les pi\u00e8ces ou ensembles font l'objet de :<\/p>\r\n            <ul class=\"amcc-card-list\">\r\n                <li>V\u00e9rifications dimensionnelles<\/li>\r\n                <li>Contr\u00f4les visuels et fonctionnels<\/li>\r\n                <li>R\u00e9ceptions avec ou sans client, selon la criticit\u00e9 du projet<\/li>\r\n            <\/ul>\r\n            <p class=\"amcc-card-text\">Nous pouvons \u00e9galement g\u00e9rer les certifications ou documents qualit\u00e9 n\u00e9cessaires \u00e0 vos march\u00e9s (fiches mati\u00e8res, PV de contr\u00f4le, etc.).<\/p>\n                <\/div>\n            <\/div>\n        <\/div>\n        <div class=\"amcc-card-fabrication amcc-card-fabrication-4\" style=\"background-image: url(https:\/\/www.amcc.fr\/wp-content\/uploads\/2025\/07\/interlocuteur.png);\">\n            <div class=\"amcc-card-fabrication-overlay\"><\/div>\n            <div class=\"amcc-card-fabrication-gradient\"><\/div>\n            <div class=\"amcc-card-fabrication-content\">\n                <div class=\"amcc-card-fabrication-icon\">\n                    <img decoding=\"async\" src=\"https:\/\/www.amcc.fr\/wp-content\/uploads\/2025\/07\/interlocuteur.svg\" alt=\"Ic\u00f4ne Un seul interlocuteur pour plus de fluidit\u00e9\">\n                <\/div>\n                <p class=\"amcc-card-fabrication-title\">Un seul interlocuteur pour plus de fluidit\u00e9<\/p>\n                <div class=\"amcc-card-fabrication-hover-content\">\n                    <p class=\"amcc-card-fabrication-hover-title\">Un seul interlocuteur pour plus de fluidit\u00e9<\/p>\n                    <p class=\"amcc-card-text\">En nous confiant la fabrication, vous b\u00e9n\u00e9ficiez :<\/p>\r\n            <ul class=\"amcc-card-list\">\r\n                <li>D'un gain de temps et de coordination<\/li>\r\n                <li>D'une r\u00e9duction des risques de non-conformit\u00e9<\/li>\r\n                <li>D'une ma\u00eetrise globale du projet, depuis la conception jusqu'\u00e0 la pi\u00e8ce livr\u00e9e<\/li>\r\n            <\/ul>\n                <\/div>\n            <\/div>\n        <\/div><\/div><\/div>\n\t\t\t\t\t\t<\/div>\n\t\t\t\t<\/div>\n\t\t\t\t\t<\/div>\n\t\t\t\t<\/div>\n\t\t<div class=\"elementor-element elementor-element-173815c e-flex e-con-boxed e-con e-parent\" data-id=\"173815c\" data-element_type=\"container\" data-e-type=\"container\">\n\t\t\t\t\t<div class=\"e-con-inner\">\n\t\t<div class=\"elementor-element elementor-element-1b1c62b e-con-full e-flex e-con e-child\" data-id=\"1b1c62b\" data-element_type=\"container\" data-e-type=\"container\">\n\t\t\t\t<div class=\"elementor-element elementor-element-84d9eb1 elementor-widget-divider--view-line elementor-widget elementor-widget-divider\" data-id=\"84d9eb1\" data-element_type=\"widget\" data-e-type=\"widget\" data-widget_type=\"divider.default\">\n\t\t\t\t\t\t\t<div class=\"elementor-divider\">\n\t\t\t<span class=\"elementor-divider-separator\">\n\t\t\t\t\t\t<\/span>\n\t\t<\/div>\n\t\t\t\t\t\t<\/div>\n\t\t\t\t<\/div>\n\t\t\t\t\t<\/div>\n\t\t\t\t<\/div>\n\t\t<div class=\"elementor-element elementor-element-e8bf392 e-flex e-con-boxed e-con e-parent\" data-id=\"e8bf392\" data-element_type=\"container\" data-e-type=\"container\">\n\t\t\t\t\t<div class=\"e-con-inner\">\n\t\t<div class=\"elementor-element elementor-element-67ba70e e-con-full e-flex e-con e-child\" data-id=\"67ba70e\" data-element_type=\"container\" data-e-type=\"container\">\n\t\t\t\t<div class=\"elementor-element elementor-element-f9ae7ae elementor-widget__width-initial elementor-invisible elementor-widget elementor-widget-heading\" data-id=\"f9ae7ae\" data-element_type=\"widget\" data-e-type=\"widget\" data-settings=\"{&quot;_animation&quot;:&quot;fadeIn&quot;}\" data-widget_type=\"heading.default\">\n\t\t\t\t\t<h2 class=\"elementor-heading-title elementor-size-default\">Nous sommes\nl\u00e0 pour vous\naccompagner<\/h2>\t\t\t\t<\/div>\n\t\t\t\t<\/div>\n\t\t<div class=\"elementor-element elementor-element-a7e77c7 e-con-full animated-slow e-flex elementor-invisible e-con e-child\" data-id=\"a7e77c7\" data-element_type=\"container\" data-e-type=\"container\" data-settings=\"{&quot;animation&quot;:&quot;fadeIn&quot;}\">\n\t\t\t\t<div class=\"elementor-element elementor-element-d63a2f1 elementor-widget elementor-widget-heading\" data-id=\"d63a2f1\" data-element_type=\"widget\" data-e-type=\"widget\" data-widget_type=\"heading.default\">\n\t\t\t\t\t<p class=\"elementor-heading-title elementor-size-default\">Besoin de faire fabriquer une pi\u00e8ce,\nun syst\u00e8me ou une machine ?<\/p>\t\t\t\t<\/div>\n\t\t\t\t<div class=\"elementor-element elementor-element-bf587f9 elementor-widget elementor-widget-text-editor\" data-id=\"bf587f9\" data-element_type=\"widget\" data-e-type=\"widget\" data-widget_type=\"text-editor.default\">\n\t\t\t\t\t\t\t\t\tContactez AMCC pour discuter de votre projet. <span class=\"bold\">Nous vous proposons une solution adapt\u00e9e, cl\u00e9 en main.<\/span>\t\t\t\t\t\t\t\t<\/div>\n\t\t\t\t<div class=\"elementor-element elementor-element-ab35fd8 elementor-align-left elementor-widget elementor-widget-button\" data-id=\"ab35fd8\" data-element_type=\"widget\" data-e-type=\"widget\" data-widget_type=\"button.default\">\n\t\t\t\t\t\t\t\t\t\t<a class=\"elementor-button elementor-button-link elementor-size-sm\" href=\"https:\/\/www.amcc.fr\/en\/contact\/\" id=\"btn-objectif\">\n\t\t\t\t\t\t<span class=\"elementor-button-content-wrapper\">\n\t\t\t\t\t\t\t\t\t<span class=\"elementor-button-text\">Contactez-nous<\/span>\n\t\t\t\t\t<\/span>\n\t\t\t\t\t<\/a>\n\t\t\t\t\t\t\t\t<\/div>\n\t\t\t\t<\/div>\n\t\t\t\t\t<\/div>\n\t\t\t\t<\/div>\n\t\t<div class=\"elementor-element elementor-element-c6b72f9 e-flex e-con-boxed e-con e-parent\" data-id=\"c6b72f9\" data-element_type=\"container\" data-e-type=\"container\">\n\t\t\t\t\t<div class=\"e-con-inner\">\n\t\t<div class=\"elementor-element elementor-element-d3827d6 e-con-full e-flex e-con e-child\" data-id=\"d3827d6\" data-element_type=\"container\" data-e-type=\"container\">\n\t\t\t\t<div class=\"elementor-element elementor-element-1142360 elementor-widget-divider--view-line elementor-widget elementor-widget-divider\" data-id=\"1142360\" data-element_type=\"widget\" data-e-type=\"widget\" data-widget_type=\"divider.default\">\n\t\t\t\t\t\t\t<div class=\"elementor-divider\">\n\t\t\t<span class=\"elementor-divider-separator\">\n\t\t\t\t\t\t<\/span>\n\t\t<\/div>\n\t\t\t\t\t\t<\/div>\n\t\t\t\t<\/div>\n\t\t\t\t\t<\/div>\n\t\t\t\t<\/div>\n\t\t<div class=\"elementor-element elementor-element-1b11364 e-flex e-con-boxed e-con e-parent\" data-id=\"1b11364\" data-element_type=\"container\" data-e-type=\"container\">\n\t\t\t\t\t<div class=\"e-con-inner\">\n\t\t<div class=\"elementor-element elementor-element-d52507c e-con-full e-flex e-con e-child\" data-id=\"d52507c\" data-element_type=\"container\" data-e-type=\"container\">\n\t\t\t\t<div class=\"elementor-element elementor-element-677aab5 elementor-invisible elementor-widget elementor-widget-heading\" data-id=\"677aab5\" data-element_type=\"widget\" data-e-type=\"widget\" data-settings=\"{&quot;_animation&quot;:&quot;fadeIn&quot;}\" data-widget_type=\"heading.default\">\n\t\t\t\t\t<h2 class=\"elementor-heading-title elementor-size-default\">Nos exemples de fabrication<\/h2>\t\t\t\t<\/div>\n\t\t\t\t<\/div>\n\t\t\t\t\t<\/div>\n\t\t\t\t<\/div>\n\t\t<div class=\"elementor-element elementor-element-0bd2b96 e-con-full e-flex e-con e-parent\" data-id=\"0bd2b96\" data-element_type=\"container\" data-e-type=\"container\" id=\"fabrication-bloc\">\n\t\t\t\t<div class=\"elementor-element elementor-element-8f732ab elementor-invisible elementor-widget elementor-widget-shortcode\" data-id=\"8f732ab\" data-element_type=\"widget\" data-e-type=\"widget\" data-settings=\"{&quot;_animation&quot;:&quot;fadeInUp&quot;}\" data-widget_type=\"shortcode.default\">\n\t\t\t\t\t\t\t<div class=\"elementor-shortcode\"><div class=\"amcc-carousel-conception-outer\"><div class=\"amcc-carousel-conception-container\" id=\"amcc-carousel-conception\">\n        <div class=\"amcc-carousel-conception-controls\">\n            <button class=\"amcc-carousel-conception-prev\" aria-label=\"Pr\u00e9c\u00e9dent\">\n                <span class=\"arrow-left\"><\/span>\n            <\/button>\n            <button class=\"amcc-carousel-conception-next\" aria-label=\"Suivant\">\n                <span class=\"arrow-right\"><\/span>\n            <\/button>\n        <\/div><div class=\"amcc-carousel-conception-viewport\"><div class=\"amcc-carousel-conception-track\">\n        <div class=\"amcc-carousel-conception-slide\" data-index=\"0\">\n            <div class=\"amcc-carousel-conception-content\">\n                <div class=\"amcc-carousel-conception-image-container\">\n                    <img decoding=\"async\" src=\"https:\/\/www.amcc.fr\/wp-content\/uploads\/2025\/07\/Plaque-aluminium2-min.png\" alt=\"Mati\u00e8re : Aluminium \/ Secteur : Spatial\" class=\"amcc-carousel-conception-image\">\n                <\/div>\n                <div class=\"amcc-carousel-conception-info\">\n                    <div class=\"amcc-carousel-conception-left-content\">\n                        <p class=\"amcc-carousel-conception-title\">Mati\u00e8re : Aluminium \/ Secteur : Spatial<\/p>\n                        <div class=\"amcc-carousel-conception-subtitle\"><\/div>\n                    <\/div>\n                    <div class=\"amcc-carousel-conception-description\">\n                        \n                    <\/div>\n                <\/div>\n            <\/div>\n        <\/div>\n        <div class=\"amcc-carousel-conception-slide\" data-index=\"1\">\n            <div class=\"amcc-carousel-conception-content\">\n                <div class=\"amcc-carousel-conception-image-container\">\n                    <img decoding=\"async\" src=\"https:\/\/www.amcc.fr\/wp-content\/uploads\/2025\/07\/Outillage-Graphites-min.png\" alt=\"Outillage Graphites\" class=\"amcc-carousel-conception-image\">\n                <\/div>\n                <div class=\"amcc-carousel-conception-info\">\n                    <div class=\"amcc-carousel-conception-left-content\">\n                        <p class=\"amcc-carousel-conception-title\">Outillage Graphites<\/p>\n                        <div class=\"amcc-carousel-conception-subtitle\"><p><strong>Mati\u00e8re\u00a0:<\/strong> Graphite<\/p>\n<\/div>\n                    <\/div>\n                    <div class=\"amcc-carousel-conception-description\">\n                        <p>Outillage de brasage de composants \u00e9lectronique<\/p>\n\n                    <\/div>\n                <\/div>\n            <\/div>\n        <\/div>\n        <div class=\"amcc-carousel-conception-slide\" data-index=\"2\">\n            <div class=\"amcc-carousel-conception-content\">\n                <div class=\"amcc-carousel-conception-image-container\">\n                    <img decoding=\"async\" src=\"https:\/\/www.amcc.fr\/wp-content\/uploads\/2025\/07\/Outillage-titane-min.png\" alt=\"Outillage Titane \" class=\"amcc-carousel-conception-image\">\n                <\/div>\n                <div class=\"amcc-carousel-conception-info\">\n                    <div class=\"amcc-carousel-conception-left-content\">\n                        <p class=\"amcc-carousel-conception-title\">Outillage Titane <\/p>\n                        <div class=\"amcc-carousel-conception-subtitle\"><p><strong>Mati\u00e8re\u00a0:<\/strong> Titane<\/p>\n<\/div>\n                    <\/div>\n                    <div class=\"amcc-carousel-conception-description\">\n                        <p>Outillage de brasage de composants \u00e9lectronique<\/p>\n\n                    <\/div>\n                <\/div>\n            <\/div>\n        <\/div>\n        <div class=\"amcc-carousel-conception-slide\" data-index=\"3\">\n            <div class=\"amcc-carousel-conception-content\">\n                <div class=\"amcc-carousel-conception-image-container\">\n                    <img decoding=\"async\" src=\"https:\/\/www.amcc.fr\/wp-content\/uploads\/2025\/07\/pied2-min.png\" alt=\"Mati\u00e8re : Aluminium \/ Secteur : Spatial\" class=\"amcc-carousel-conception-image\">\n                <\/div>\n                <div class=\"amcc-carousel-conception-info\">\n                    <div class=\"amcc-carousel-conception-left-content\">\n                        <p class=\"amcc-carousel-conception-title\">Mati\u00e8re : Aluminium \/ Secteur : Spatial<\/p>\n                        <div class=\"amcc-carousel-conception-subtitle\"><\/div>\n                    <\/div>\n                    <div class=\"amcc-carousel-conception-description\">\n                        \n                    <\/div>\n                <\/div>\n            <\/div>\n        <\/div>\n        <div class=\"amcc-carousel-conception-slide\" data-index=\"4\">\n            <div class=\"amcc-carousel-conception-content\">\n                <div class=\"amcc-carousel-conception-image-container\">\n                    <img decoding=\"async\" src=\"https:\/\/www.amcc.fr\/wp-content\/uploads\/2025\/07\/Outillage-monte-2-min.png\" alt=\"Mati\u00e8re : Aluminium \/ Secteur : Spatial\" class=\"amcc-carousel-conception-image\">\n                <\/div>\n                <div class=\"amcc-carousel-conception-info\">\n                    <div class=\"amcc-carousel-conception-left-content\">\n                        <p class=\"amcc-carousel-conception-title\">Mati\u00e8re : Aluminium \/ Secteur : Spatial<\/p>\n                        <div class=\"amcc-carousel-conception-subtitle\"><\/div>\n                    <\/div>\n                    <div class=\"amcc-carousel-conception-description\">\n                        \n                    <\/div>\n                <\/div>\n            <\/div>\n        <\/div><\/div><\/div><\/div><\/div><\/div>\n\t\t\t\t\t\t<\/div>\n\t\t\t\t<\/div>\n\t\t\t\t<\/div>","protected":false},"excerpt":{"rendered":"<p>Fabrication &amp; prototypage Qualit\u00e9 &amp; expertise Une production ma\u00eetris\u00e9e, pilot\u00e9e par AMCC Nous assurons le pilotage complet de la fabrication de vos pi\u00e8ces, sous-ensembles et syst\u00e8mes m\u00e9caniques. Fort de notre expertise, nous pouvons vous conseiller dans le choix des mat\u00e9riaux et traitements en fonction de vos applications Nous travaillons avec un r\u00e9seau de partenaires qualifi\u00e9s [&hellip;]<\/p>\n","protected":false},"author":1,"featured_media":0,"parent":0,"menu_order":0,"comment_status":"closed","ping_status":"closed","template":"elementor_header_footer","meta":{"footnotes":""},"class_list":["post-32","page","type-page","status-publish","hentry"],"_links":{"self":[{"href":"https:\/\/www.amcc.fr\/en\/wp-json\/wp\/v2\/pages\/32","targetHints":{"allow":["GET"]}}],"collection":[{"href":"https:\/\/www.amcc.fr\/en\/wp-json\/wp\/v2\/pages"}],"about":[{"href":"https:\/\/www.amcc.fr\/en\/wp-json\/wp\/v2\/types\/page"}],"author":[{"embeddable":true,"href":"https:\/\/www.amcc.fr\/en\/wp-json\/wp\/v2\/users\/1"}],"replies":[{"embeddable":true,"href":"https:\/\/www.amcc.fr\/en\/wp-json\/wp\/v2\/comments?post=32"}],"version-history":[{"count":29,"href":"https:\/\/www.amcc.fr\/en\/wp-json\/wp\/v2\/pages\/32\/revisions"}],"predecessor-version":[{"id":1208,"href":"https:\/\/www.amcc.fr\/en\/wp-json\/wp\/v2\/pages\/32\/revisions\/1208"}],"wp:attachment":[{"href":"https:\/\/www.amcc.fr\/en\/wp-json\/wp\/v2\/media?parent=32"}],"curies":[{"name":"wp","href":"https:\/\/api.w.org\/{rel}","templated":true}]}}